{"id":1008,"date":"2018-04-08T17:59:28","date_gmt":"2018-04-08T17:59:28","guid":{"rendered":"https:\/\/malasmeigas.com\/?post_type=product&#038;p=1008"},"modified":"2023-02-07T19:08:59","modified_gmt":"2023-02-07T19:08:59","slug":"colgante-doble-trisquel","status":"publish","type":"product","link":"https:\/\/malasmeigas.com\/?product=colgante-doble-trisquel","title":{"rendered":"Colgante Doble Trisquel"},"content":{"rendered":"<p>COLGANTE DOBLE CARA EN MADERA GRABADA A L\u00c1SER CON BASE DE METAL , CORD\u00d3N DE ALGOD\u00d3N CON NUDOS CORREDIZOS.<\/p>\n","protected":false},"excerpt":{"rendered":"<p>COLGANTE DOBLE CARA EN MADERA GRABADA A L\u00c1SER CON BASE  [&#8230;]<\/p>\n","protected":false},"featured_media":1003,"comment_status":"open","ping_status":"closed","template":"","meta":[],"product_brand":[],"product_cat":[17,859],"product_tag":[50,51,87,145,177,146,83,179,54,143,144,132,98,169,27,119,53],"class_list":{"0":"post-1008","1":"product","2":"type-product","3":"status-publish","4":"has-post-thumbnail","6":"product_cat-colgantes-madera","7":"product_cat-madera-artesana","8":"product_tag-asturias","9":"product_tag-celta","10":"product_tag-celtas","11":"product_tag-colgante","12":"product_tag-colgante-madera","13":"product_tag-colgantes","14":"product_tag-colgantes-celtas","15":"product_tag-colgantes-trisquel","16":"product_tag-covadonga","17":"product_tag-euskadi","18":"product_tag-euskalerria","19":"product_tag-finisterre","20":"product_tag-grabado","21":"product_tag-pendientes-simbolos-celtas","22":"product_tag-pulsera-celta","23":"product_tag-simbolos-celtas","24":"product_tag-trisquel","26":"first","27":"instock","28":"taxable","29":"shipping-taxable","30":"purchasable","31":"product-type-simple"},"_links":{"self":[{"href":"https:\/\/malasmeigas.com\/index.php?rest_route=\/wp\/v2\/product\/1008","targetHints":{"allow":["GET"]}}],"collection":[{"href":"https:\/\/malasmeigas.com\/index.php?rest_route=\/wp\/v2\/product"}],"about":[{"href":"https:\/\/malasmeigas.com\/index.php?rest_route=\/wp\/v2\/types\/product"}],"replies":[{"embeddable":true,"href":"https:\/\/malasmeigas.com\/index.php?rest_route=%2Fwp%2Fv2%2Fcomments&post=1008"}],"wp:featuredmedia":[{"embeddable":true,"href":"https:\/\/malasmeigas.com\/index.php?rest_route=\/wp\/v2\/media\/1003"}],"wp:attachment":[{"href":"https:\/\/malasmeigas.com\/index.php?rest_route=%2Fwp%2Fv2%2Fmedia&parent=1008"}],"wp:term":[{"taxonomy":"product_brand","embeddable":true,"href":"https:\/\/malasmeigas.com\/index.php?rest_route=%2Fwp%2Fv2%2Fproduct_brand&post=1008"},{"taxonomy":"product_cat","embeddable":true,"href":"https:\/\/malasmeigas.com\/index.php?rest_route=%2Fwp%2Fv2%2Fproduct_cat&post=1008"},{"taxonomy":"product_tag","embeddable":true,"href":"https:\/\/malasmeigas.com\/index.php?rest_route=%2Fwp%2Fv2%2Fproduct_tag&post=1008"}],"curies":[{"name":"wp","href":"https:\/\/api.w.org\/{rel}","templated":true}]}}