{"id":1011,"date":"2018-04-08T18:05:54","date_gmt":"2018-04-08T18:05:54","guid":{"rendered":"https:\/\/malasmeigas.com\/?post_type=product&#038;p=1011"},"modified":"2024-10-08T11:53:54","modified_gmt":"2024-10-08T11:53:54","slug":"colgante-doble-lauburu","status":"publish","type":"product","link":"https:\/\/malasmeigas.com\/?product=colgante-doble-lauburu","title":{"rendered":"Colgante Doble Lauburu"},"content":{"rendered":"<p>COLGANTE DOBLE CARA EN MADERA GRABADA A L\u00c1SER CON BASE DE METAL , CORD\u00d3N DE ALGOD\u00d3N CON NUDOS CORREDIZOS.<\/p>\n","protected":false},"excerpt":{"rendered":"<p>COLGANTE DOBLE CARA EN MADERA GRABADA A L\u00c1SER CON BASE  [&#8230;]<\/p>\n","protected":false},"featured_media":998,"comment_status":"open","ping_status":"closed","template":"","meta":[],"product_brand":[],"product_cat":[17,859],"product_tag":[50,51,87,145,177,146,83,179,54,68,143,144,132,98,66,169,27,119,53],"class_list":{"0":"post-1011","1":"product","2":"type-product","3":"status-publish","4":"has-post-thumbnail","6":"product_cat-colgantes-madera","7":"product_cat-madera-artesana","8":"product_tag-asturias","9":"product_tag-celta","10":"product_tag-celtas","11":"product_tag-colgante","12":"product_tag-colgante-madera","13":"product_tag-colgantes","14":"product_tag-colgantes-celtas","15":"product_tag-colgantes-trisquel","16":"product_tag-covadonga","17":"product_tag-espiral","18":"product_tag-euskadi","19":"product_tag-euskalerria","20":"product_tag-finisterre","21":"product_tag-grabado","22":"product_tag-lauburu","23":"product_tag-pendientes-simbolos-celtas","24":"product_tag-pulsera-celta","25":"product_tag-simbolos-celtas","26":"product_tag-trisquel","28":"first","29":"instock","30":"taxable","31":"shipping-taxable","32":"purchasable","33":"product-type-simple"},"_links":{"self":[{"href":"https:\/\/malasmeigas.com\/index.php?rest_route=\/wp\/v2\/product\/1011","targetHints":{"allow":["GET"]}}],"collection":[{"href":"https:\/\/malasmeigas.com\/index.php?rest_route=\/wp\/v2\/product"}],"about":[{"href":"https:\/\/malasmeigas.com\/index.php?rest_route=\/wp\/v2\/types\/product"}],"replies":[{"embeddable":true,"href":"https:\/\/malasmeigas.com\/index.php?rest_route=%2Fwp%2Fv2%2Fcomments&post=1011"}],"wp:featuredmedia":[{"embeddable":true,"href":"https:\/\/malasmeigas.com\/index.php?rest_route=\/wp\/v2\/media\/998"}],"wp:attachment":[{"href":"https:\/\/malasmeigas.com\/index.php?rest_route=%2Fwp%2Fv2%2Fmedia&parent=1011"}],"wp:term":[{"taxonomy":"product_brand","embeddable":true,"href":"https:\/\/malasmeigas.com\/index.php?rest_route=%2Fwp%2Fv2%2Fproduct_brand&post=1011"},{"taxonomy":"product_cat","embeddable":true,"href":"https:\/\/malasmeigas.com\/index.php?rest_route=%2Fwp%2Fv2%2Fproduct_cat&post=1011"},{"taxonomy":"product_tag","embeddable":true,"href":"https:\/\/malasmeigas.com\/index.php?rest_route=%2Fwp%2Fv2%2Fproduct_tag&post=1011"}],"curies":[{"name":"wp","href":"https:\/\/api.w.org\/{rel}","templated":true}]}}