{"id":1192,"date":"2019-12-03T10:22:56","date_gmt":"2019-12-03T10:22:56","guid":{"rendered":"https:\/\/malasmeigas.com\/?post_type=product&#038;p=1192"},"modified":"2023-02-07T18:53:01","modified_gmt":"2023-02-07T18:53:01","slug":"pulsera-elastica-perlas-de-rio-y-acero","status":"publish","type":"product","link":"https:\/\/malasmeigas.com\/?product=pulsera-elastica-perlas-de-rio-y-acero","title":{"rendered":"Pulsera El\u00e1stica Perlas de R\u00edo y Acero"},"content":{"rendered":"<p>Pulsera El\u00e1stica con Perlas de r\u00edo.<\/p>\n<p>Bolitas y colgante de \u00c1rbol de la Vida en Acero Inoxidable.<\/p>\n","protected":false},"excerpt":{"rendered":"<p>Pulsera El\u00e1stica con Perlas de r\u00edo. Bolitas y colgante de  [&#8230;]<\/p>\n","protected":false},"featured_media":1193,"comment_status":"open","ping_status":"closed","template":"","meta":[],"product_brand":[],"product_cat":[160,12,860,868],"product_tag":[173,174,50,51,201,143,206,208,32,161,199,207,119],"class_list":{"0":"post-1192","1":"product","2":"type-product","3":"status-publish","4":"has-post-thumbnail","6":"product_cat-acero","7":"product_cat-pulseras","8":"product_cat-pulseras-acero","9":"product_cat-pulseras-piedras-naturales","10":"product_tag-arbol","11":"product_tag-arbol-de-la-vida","12":"product_tag-asturias","13":"product_tag-celta","14":"product_tag-elastica","15":"product_tag-euskadi","16":"product_tag-perlas","17":"product_tag-perlas-de-rio","18":"product_tag-pulsera","19":"product_tag-pulsera-acero","20":"product_tag-pulsera-elastica","21":"product_tag-pulsera-perlas","22":"product_tag-simbolos-celtas","24":"first","25":"instock","26":"taxable","27":"shipping-taxable","28":"purchasable","29":"product-type-simple"},"_links":{"self":[{"href":"https:\/\/malasmeigas.com\/index.php?rest_route=\/wp\/v2\/product\/1192","targetHints":{"allow":["GET"]}}],"collection":[{"href":"https:\/\/malasmeigas.com\/index.php?rest_route=\/wp\/v2\/product"}],"about":[{"href":"https:\/\/malasmeigas.com\/index.php?rest_route=\/wp\/v2\/types\/product"}],"replies":[{"embeddable":true,"href":"https:\/\/malasmeigas.com\/index.php?rest_route=%2Fwp%2Fv2%2Fcomments&post=1192"}],"wp:featuredmedia":[{"embeddable":true,"href":"https:\/\/malasmeigas.com\/index.php?rest_route=\/wp\/v2\/media\/1193"}],"wp:attachment":[{"href":"https:\/\/malasmeigas.com\/index.php?rest_route=%2Fwp%2Fv2%2Fmedia&parent=1192"}],"wp:term":[{"taxonomy":"product_brand","embeddable":true,"href":"https:\/\/malasmeigas.com\/index.php?rest_route=%2Fwp%2Fv2%2Fproduct_brand&post=1192"},{"taxonomy":"product_cat","embeddable":true,"href":"https:\/\/malasmeigas.com\/index.php?rest_route=%2Fwp%2Fv2%2Fproduct_cat&post=1192"},{"taxonomy":"product_tag","embeddable":true,"href":"https:\/\/malasmeigas.com\/index.php?rest_route=%2Fwp%2Fv2%2Fproduct_tag&post=1192"}],"curies":[{"name":"wp","href":"https:\/\/api.w.org\/{rel}","templated":true}]}}