{"id":1480,"date":"2020-03-05T21:30:39","date_gmt":"2020-03-05T21:30:39","guid":{"rendered":"https:\/\/malasmeigas.com\/?post_type=product&#038;p=1480"},"modified":"2023-02-07T18:36:03","modified_gmt":"2023-02-07T18:36:03","slug":"marcapaginas-en-madera-mojon-camino","status":"publish","type":"product","link":"https:\/\/malasmeigas.com\/?product=marcapaginas-en-madera-mojon-camino","title":{"rendered":"Marcap\u00e1ginas en Madera Moj\u00f3n Camino"},"content":{"rendered":"<p>Marcap\u00e1ginas en Madera 145 x 28 x 3 mm, grabado a L\u00e1ser.<\/p>\n<p>Posibilidad de personalizar, consulta precios y cantidades.<\/p>\n","protected":false},"excerpt":{"rendered":"<p>Marcap\u00e1ginas en Madera 145 x 28 x 3 mm, grabado  [&#8230;]<\/p>\n","protected":false},"featured_media":1476,"comment_status":"open","ping_status":"closed","template":"","meta":[],"product_brand":[],"product_cat":[859,236],"product_tag":[44,45,132,62,215,65,214,237,239,238,240,134],"class_list":{"0":"post-1480","1":"product","2":"type-product","3":"status-publish","4":"has-post-thumbnail","6":"product_cat-madera-artesana","7":"product_cat-marcapaginas-madera","8":"product_tag-camino-de-santiago","9":"product_tag-concha","10":"product_tag-finisterre","11":"product_tag-flecha","12":"product_tag-grabado-laser","13":"product_tag-madera","14":"product_tag-madera-laser","15":"product_tag-marcapaginas","16":"product_tag-marcapaginas-camino","17":"product_tag-marcapaginas-madera","18":"product_tag-marcapaginas-mojon","19":"product_tag-mojon","21":"first","22":"instock","23":"taxable","24":"shipping-taxable","25":"purchasable","26":"product-type-simple"},"_links":{"self":[{"href":"https:\/\/malasmeigas.com\/index.php?rest_route=\/wp\/v2\/product\/1480","targetHints":{"allow":["GET"]}}],"collection":[{"href":"https:\/\/malasmeigas.com\/index.php?rest_route=\/wp\/v2\/product"}],"about":[{"href":"https:\/\/malasmeigas.com\/index.php?rest_route=\/wp\/v2\/types\/product"}],"replies":[{"embeddable":true,"href":"https:\/\/malasmeigas.com\/index.php?rest_route=%2Fwp%2Fv2%2Fcomments&post=1480"}],"wp:featuredmedia":[{"embeddable":true,"href":"https:\/\/malasmeigas.com\/index.php?rest_route=\/wp\/v2\/media\/1476"}],"wp:attachment":[{"href":"https:\/\/malasmeigas.com\/index.php?rest_route=%2Fwp%2Fv2%2Fmedia&parent=1480"}],"wp:term":[{"taxonomy":"product_brand","embeddable":true,"href":"https:\/\/malasmeigas.com\/index.php?rest_route=%2Fwp%2Fv2%2Fproduct_brand&post=1480"},{"taxonomy":"product_cat","embeddable":true,"href":"https:\/\/malasmeigas.com\/index.php?rest_route=%2Fwp%2Fv2%2Fproduct_cat&post=1480"},{"taxonomy":"product_tag","embeddable":true,"href":"https:\/\/malasmeigas.com\/index.php?rest_route=%2Fwp%2Fv2%2Fproduct_tag&post=1480"}],"curies":[{"name":"wp","href":"https:\/\/api.w.org\/{rel}","templated":true}]}}