{"id":1483,"date":"2020-03-05T21:35:03","date_gmt":"2020-03-05T21:35:03","guid":{"rendered":"https:\/\/malasmeigas.com\/?post_type=product&#038;p=1483"},"modified":"2023-02-07T18:34:49","modified_gmt":"2023-02-07T18:34:49","slug":"marcapaginas-en-madera-trisquel","status":"publish","type":"product","link":"https:\/\/malasmeigas.com\/?product=marcapaginas-en-madera-trisquel","title":{"rendered":"Marcap\u00e1ginas en Madera Trisquel"},"content":{"rendered":"<p>Marcap\u00e1ginas en Madera 145 x 28 x 3 mm, grabado a L\u00e1ser.<\/p>\n<p>Posibilidad de personalizar, consulta precios y cantidades.<\/p>\n","protected":false},"excerpt":{"rendered":"<p>Marcap\u00e1ginas en Madera 145 x 28 x 3 mm, grabado  [&#8230;]<\/p>\n","protected":false},"featured_media":1486,"comment_status":"open","ping_status":"closed","template":"","meta":[],"product_brand":[],"product_cat":[859,236],"product_tag":[215,65,214,237,242,243,119,53],"class_list":{"0":"post-1483","1":"product","2":"type-product","3":"status-publish","4":"has-post-thumbnail","6":"product_cat-madera-artesana","7":"product_cat-marcapaginas-madera","8":"product_tag-grabado-laser","9":"product_tag-madera","10":"product_tag-madera-laser","11":"product_tag-marcapaginas","12":"product_tag-marcapaginas-celta","13":"product_tag-marcapaginas-trisquel","14":"product_tag-simbolos-celtas","15":"product_tag-trisquel","17":"first","18":"instock","19":"taxable","20":"shipping-taxable","21":"purchasable","22":"product-type-simple"},"_links":{"self":[{"href":"https:\/\/malasmeigas.com\/index.php?rest_route=\/wp\/v2\/product\/1483","targetHints":{"allow":["GET"]}}],"collection":[{"href":"https:\/\/malasmeigas.com\/index.php?rest_route=\/wp\/v2\/product"}],"about":[{"href":"https:\/\/malasmeigas.com\/index.php?rest_route=\/wp\/v2\/types\/product"}],"replies":[{"embeddable":true,"href":"https:\/\/malasmeigas.com\/index.php?rest_route=%2Fwp%2Fv2%2Fcomments&post=1483"}],"wp:featuredmedia":[{"embeddable":true,"href":"https:\/\/malasmeigas.com\/index.php?rest_route=\/wp\/v2\/media\/1486"}],"wp:attachment":[{"href":"https:\/\/malasmeigas.com\/index.php?rest_route=%2Fwp%2Fv2%2Fmedia&parent=1483"}],"wp:term":[{"taxonomy":"product_brand","embeddable":true,"href":"https:\/\/malasmeigas.com\/index.php?rest_route=%2Fwp%2Fv2%2Fproduct_brand&post=1483"},{"taxonomy":"product_cat","embeddable":true,"href":"https:\/\/malasmeigas.com\/index.php?rest_route=%2Fwp%2Fv2%2Fproduct_cat&post=1483"},{"taxonomy":"product_tag","embeddable":true,"href":"https:\/\/malasmeigas.com\/index.php?rest_route=%2Fwp%2Fv2%2Fproduct_tag&post=1483"}],"curies":[{"name":"wp","href":"https:\/\/api.w.org\/{rel}","templated":true}]}}