{"id":1490,"date":"2020-03-05T22:06:49","date_gmt":"2020-03-05T22:06:49","guid":{"rendered":"https:\/\/malasmeigas.com\/?post_type=product&#038;p=1490"},"modified":"2023-02-07T18:34:18","modified_gmt":"2023-02-07T18:34:18","slug":"mpg002-marcapaginas-en-madera-algunas-personalizaciones","status":"publish","type":"product","link":"https:\/\/malasmeigas.com\/?product=mpg002-marcapaginas-en-madera-algunas-personalizaciones","title":{"rendered":"Marcap\u00e1ginas en Madera Algunas Personalizaciones"},"content":{"rendered":"<p>Marcap\u00e1ginas en Madera 145 x 28 x 3 mm, grabado a L\u00e1ser.<\/p>\n<p>Posibilidad de personalizar, consulta precios y cantidades.<\/p>\n","protected":false},"excerpt":{"rendered":"<p>Marcap\u00e1ginas en Madera 145 x 28 x 3 mm, grabado  [&#8230;]<\/p>\n","protected":false},"featured_media":1493,"comment_status":"open","ping_status":"closed","template":"","meta":[],"product_brand":[],"product_cat":[859,236],"product_tag":[250,247,249,251,215,65,214,237,248,253,252],"class_list":{"0":"post-1490","1":"product","2":"type-product","3":"status-publish","4":"has-post-thumbnail","6":"product_cat-madera-artesana","7":"product_cat-marcapaginas-madera","8":"product_tag-bautizos","9":"product_tag-bodas","10":"product_tag-comuniones","11":"product_tag-congresos","12":"product_tag-grabado-laser","13":"product_tag-madera","14":"product_tag-madera-laser","15":"product_tag-marcapaginas","16":"product_tag-marcapaginas-personalizados","17":"product_tag-regalo-empresas","18":"product_tag-regalo-personalizado","20":"first","21":"instock","22":"taxable","23":"shipping-taxable","24":"product-type-simple"},"_links":{"self":[{"href":"https:\/\/malasmeigas.com\/index.php?rest_route=\/wp\/v2\/product\/1490","targetHints":{"allow":["GET"]}}],"collection":[{"href":"https:\/\/malasmeigas.com\/index.php?rest_route=\/wp\/v2\/product"}],"about":[{"href":"https:\/\/malasmeigas.com\/index.php?rest_route=\/wp\/v2\/types\/product"}],"replies":[{"embeddable":true,"href":"https:\/\/malasmeigas.com\/index.php?rest_route=%2Fwp%2Fv2%2Fcomments&post=1490"}],"wp:featuredmedia":[{"embeddable":true,"href":"https:\/\/malasmeigas.com\/index.php?rest_route=\/wp\/v2\/media\/1493"}],"wp:attachment":[{"href":"https:\/\/malasmeigas.com\/index.php?rest_route=%2Fwp%2Fv2%2Fmedia&parent=1490"}],"wp:term":[{"taxonomy":"product_brand","embeddable":true,"href":"https:\/\/malasmeigas.com\/index.php?rest_route=%2Fwp%2Fv2%2Fproduct_brand&post=1490"},{"taxonomy":"product_cat","embeddable":true,"href":"https:\/\/malasmeigas.com\/index.php?rest_route=%2Fwp%2Fv2%2Fproduct_cat&post=1490"},{"taxonomy":"product_tag","embeddable":true,"href":"https:\/\/malasmeigas.com\/index.php?rest_route=%2Fwp%2Fv2%2Fproduct_tag&post=1490"}],"curies":[{"name":"wp","href":"https:\/\/api.w.org\/{rel}","templated":true}]}}