{"id":1941,"date":"2021-02-10T09:25:58","date_gmt":"2021-02-10T09:25:58","guid":{"rendered":"https:\/\/malasmeigas.com\/?post_type=product&#038;p=1941"},"modified":"2024-12-20T17:49:35","modified_gmt":"2024-12-20T17:49:35","slug":"p0209-pulsera-elastica-piedras-naturales-6-mm","status":"publish","type":"product","link":"https:\/\/malasmeigas.com\/?product=p0209-pulsera-elastica-piedras-naturales-6-mm","title":{"rendered":"Pulsera Concha Camino El\u00e1stica Piedras naturales 6 mm"},"content":{"rendered":"<p>Pulsera El\u00e1stica, confeccionada con piedras naturales de 6 mm y conchas en zamak ba\u00f1ado. Colores a elegir.<\/p>\n","protected":false},"excerpt":{"rendered":"<p>Pulsera El\u00e1stica, confeccionada con piedras naturales de 6 mm y  [&#8230;]<\/p>\n","protected":false},"featured_media":1944,"comment_status":"open","ping_status":"closed","template":"","meta":[],"product_brand":[],"product_cat":[12,868],"product_tag":[78,44,45,62,280,32,199,203,279,164],"class_list":{"0":"post-1941","1":"product","2":"type-product","3":"status-publish","4":"has-post-thumbnail","6":"product_cat-pulseras","7":"product_cat-pulseras-piedras-naturales","8":"product_tag-camino","9":"product_tag-camino-de-santiago","10":"product_tag-concha","11":"product_tag-flecha","12":"product_tag-piedras-naturales","13":"product_tag-pulsera","14":"product_tag-pulsera-elastica","15":"product_tag-pulsera-piedras","16":"product_tag-pulsera-piedras-naturales","17":"product_tag-pulseras-del-camino","18":"pa_color-azul","19":"pa_color-azul-claro","20":"pa_color-azulon","21":"pa_color-lila","22":"pa_color-multicolor","23":"pa_color-negro","24":"pa_color-rosa","25":"pa_color-verde-claro","27":"first","28":"instock","29":"taxable","30":"shipping-taxable","31":"purchasable","32":"product-type-variable"},"_links":{"self":[{"href":"https:\/\/malasmeigas.com\/index.php?rest_route=\/wp\/v2\/product\/1941","targetHints":{"allow":["GET"]}}],"collection":[{"href":"https:\/\/malasmeigas.com\/index.php?rest_route=\/wp\/v2\/product"}],"about":[{"href":"https:\/\/malasmeigas.com\/index.php?rest_route=\/wp\/v2\/types\/product"}],"replies":[{"embeddable":true,"href":"https:\/\/malasmeigas.com\/index.php?rest_route=%2Fwp%2Fv2%2Fcomments&post=1941"}],"wp:featuredmedia":[{"embeddable":true,"href":"https:\/\/malasmeigas.com\/index.php?rest_route=\/wp\/v2\/media\/1944"}],"wp:attachment":[{"href":"https:\/\/malasmeigas.com\/index.php?rest_route=%2Fwp%2Fv2%2Fmedia&parent=1941"}],"wp:term":[{"taxonomy":"product_brand","embeddable":true,"href":"https:\/\/malasmeigas.com\/index.php?rest_route=%2Fwp%2Fv2%2Fproduct_brand&post=1941"},{"taxonomy":"product_cat","embeddable":true,"href":"https:\/\/malasmeigas.com\/index.php?rest_route=%2Fwp%2Fv2%2Fproduct_cat&post=1941"},{"taxonomy":"product_tag","embeddable":true,"href":"https:\/\/malasmeigas.com\/index.php?rest_route=%2Fwp%2Fv2%2Fproduct_tag&post=1941"}],"curies":[{"name":"wp","href":"https:\/\/api.w.org\/{rel}","templated":true}]}}