{"id":2086,"date":"2021-02-16T15:54:57","date_gmt":"2021-02-16T15:54:57","guid":{"rendered":"https:\/\/malasmeigas.com\/?post_type=product&#038;p=2086"},"modified":"2024-12-20T17:47:43","modified_gmt":"2024-12-20T17:47:43","slug":"p0210-pulseras-madera-y-antelina-cruz-celta","status":"publish","type":"product","link":"https:\/\/malasmeigas.com\/?product=p0210-pulseras-madera-y-antelina-cruz-celta","title":{"rendered":"Pulseras S\u00edmbolos Celtas Madera y Antelina"},"content":{"rendered":"<p>Pulsera de Madera grabada con l\u00e1ser, medida 29 x 17 mm y 3 mm de grosor, dos terminaciones a elegir fondo claro u oscuro, varios S\u00edmbolos Celtas , con Antelina y cierre ajustable con bolas en zamak.<\/p>\n","protected":false},"excerpt":{"rendered":"<p>Pulsera de Madera grabada con l\u00e1ser, medida 29 x 17  [&#8230;]<\/p>\n","protected":false},"featured_media":2078,"comment_status":"open","ping_status":"closed","template":"","meta":[],"product_brand":[],"product_cat":[859,12,115,865],"product_tag":[212,363,51,61,367,68,215,216,66,65,214,140,32,376,27,223,119,67,53],"class_list":{"0":"post-2086","1":"product","2":"type-product","3":"status-publish","4":"has-post-thumbnail","6":"product_cat-madera-artesana","7":"product_cat-pulseras","8":"product_cat-pulseras-antelina","9":"product_cat-pulsera-madera","10":"product_tag-artesania","11":"product_tag-artesania-de-galicia","12":"product_tag-celta","13":"product_tag-cruz","14":"product_tag-cruz-celta","15":"product_tag-espiral","16":"product_tag-grabado-laser","17":"product_tag-laser","18":"product_tag-lauburu","19":"product_tag-madera","20":"product_tag-madera-laser","21":"product_tag-nudo","22":"product_tag-pulsera","23":"product_tag-pulsera-ajustable","24":"product_tag-pulsera-celta","25":"product_tag-pulsera-madera","26":"product_tag-simbolos-celtas","27":"product_tag-triqueta","28":"product_tag-trisquel","29":"pa_simbolo-arbol","30":"pa_simbolo-cruz-celta","31":"pa_simbolo-espiral","32":"pa_simbolo-lauburu","33":"pa_simbolo-nudo-celta","34":"pa_simbolo-triqueta","35":"pa_simbolo-trisquel","37":"first","38":"instock","39":"taxable","40":"shipping-taxable","41":"purchasable","42":"product-type-variable"},"_links":{"self":[{"href":"https:\/\/malasmeigas.com\/index.php?rest_route=\/wp\/v2\/product\/2086","targetHints":{"allow":["GET"]}}],"collection":[{"href":"https:\/\/malasmeigas.com\/index.php?rest_route=\/wp\/v2\/product"}],"about":[{"href":"https:\/\/malasmeigas.com\/index.php?rest_route=\/wp\/v2\/types\/product"}],"replies":[{"embeddable":true,"href":"https:\/\/malasmeigas.com\/index.php?rest_route=%2Fwp%2Fv2%2Fcomments&post=2086"}],"wp:featuredmedia":[{"embeddable":true,"href":"https:\/\/malasmeigas.com\/index.php?rest_route=\/wp\/v2\/media\/2078"}],"wp:attachment":[{"href":"https:\/\/malasmeigas.com\/index.php?rest_route=%2Fwp%2Fv2%2Fmedia&parent=2086"}],"wp:term":[{"taxonomy":"product_brand","embeddable":true,"href":"https:\/\/malasmeigas.com\/index.php?rest_route=%2Fwp%2Fv2%2Fproduct_brand&post=2086"},{"taxonomy":"product_cat","embeddable":true,"href":"https:\/\/malasmeigas.com\/index.php?rest_route=%2Fwp%2Fv2%2Fproduct_cat&post=2086"},{"taxonomy":"product_tag","embeddable":true,"href":"https:\/\/malasmeigas.com\/index.php?rest_route=%2Fwp%2Fv2%2Fproduct_tag&post=2086"}],"curies":[{"name":"wp","href":"https:\/\/api.w.org\/{rel}","templated":true}]}}