{"id":2088,"date":"2021-02-16T16:06:03","date_gmt":"2021-02-16T16:06:03","guid":{"rendered":"https:\/\/malasmeigas.com\/?post_type=product&#038;p=2088"},"modified":"2023-02-07T18:14:04","modified_gmt":"2023-02-07T18:14:04","slug":"c0151-colgante-madera-concha-camino-de-santiago","status":"publish","type":"product","link":"https:\/\/malasmeigas.com\/?product=c0151-colgante-madera-concha-camino-de-santiago","title":{"rendered":"Colgantes Madera Camino de Santiago"},"content":{"rendered":"<p>Colgante en madera Grabado l\u00e1ser, medida 25 x 30 mm aproximadamente , seg\u00fan modelo , nudo corredizo ajustable de algod\u00f3n, S\u00edmbolos del Camino de Santiago, en dos terminaciones: fondo claro u oscuro a elegir.<\/p>\n","protected":false},"excerpt":{"rendered":"<p>Colgante en madera Grabado l\u00e1ser, medida 25 x 30 mm  [&#8230;]<\/p>\n","protected":false},"featured_media":2090,"comment_status":"open","ping_status":"closed","template":"","meta":[],"product_brand":[],"product_cat":[17,859],"product_tag":[297,212,363,78,44,146,382,380,381,45,215,65,214],"class_list":{"0":"post-2088","1":"product","2":"type-product","3":"status-publish","4":"has-post-thumbnail","6":"product_cat-colgantes-madera","7":"product_cat-madera-artesana","8":"product_tag-ano-santo-2021","9":"product_tag-artesania","10":"product_tag-artesania-de-galicia","11":"product_tag-camino","12":"product_tag-camino-de-santiago","13":"product_tag-colgantes","14":"product_tag-colgantes-artesanos","15":"product_tag-colgantes-del-camino","16":"product_tag-colgantes-en-madera","17":"product_tag-concha","18":"product_tag-grabado-laser","19":"product_tag-madera","20":"product_tag-madera-laser","22":"first","23":"instock","24":"taxable","25":"shipping-taxable","26":"purchasable","27":"product-type-variable"},"_links":{"self":[{"href":"https:\/\/malasmeigas.com\/index.php?rest_route=\/wp\/v2\/product\/2088","targetHints":{"allow":["GET"]}}],"collection":[{"href":"https:\/\/malasmeigas.com\/index.php?rest_route=\/wp\/v2\/product"}],"about":[{"href":"https:\/\/malasmeigas.com\/index.php?rest_route=\/wp\/v2\/types\/product"}],"replies":[{"embeddable":true,"href":"https:\/\/malasmeigas.com\/index.php?rest_route=%2Fwp%2Fv2%2Fcomments&post=2088"}],"wp:featuredmedia":[{"embeddable":true,"href":"https:\/\/malasmeigas.com\/index.php?rest_route=\/wp\/v2\/media\/2090"}],"wp:attachment":[{"href":"https:\/\/malasmeigas.com\/index.php?rest_route=%2Fwp%2Fv2%2Fmedia&parent=2088"}],"wp:term":[{"taxonomy":"product_brand","embeddable":true,"href":"https:\/\/malasmeigas.com\/index.php?rest_route=%2Fwp%2Fv2%2Fproduct_brand&post=2088"},{"taxonomy":"product_cat","embeddable":true,"href":"https:\/\/malasmeigas.com\/index.php?rest_route=%2Fwp%2Fv2%2Fproduct_cat&post=2088"},{"taxonomy":"product_tag","embeddable":true,"href":"https:\/\/malasmeigas.com\/index.php?rest_route=%2Fwp%2Fv2%2Fproduct_tag&post=2088"}],"curies":[{"name":"wp","href":"https:\/\/api.w.org\/{rel}","templated":true}]}}