{"id":2118,"date":"2021-02-16T16:25:31","date_gmt":"2021-02-16T16:25:31","guid":{"rendered":"https:\/\/malasmeigas.com\/?post_type=product&#038;p=2118"},"modified":"2023-02-07T18:13:45","modified_gmt":"2023-02-07T18:13:45","slug":"c0151-colgante-madera-nudo-celta","status":"publish","type":"product","link":"https:\/\/malasmeigas.com\/?product=c0151-colgante-madera-nudo-celta","title":{"rendered":"Colgantes Madera Celtas"},"content":{"rendered":"<p>Colgante en madera Grabado l\u00e1ser, medida 25 x 30 mm, nudo corredizo ajustable de algod\u00f3n, S\u00edmbolos Celtas a elegir. Posibilidad de personalizar, Cons\u00faltanos por mail.<\/p>\n","protected":false},"excerpt":{"rendered":"<p>Colgante en madera Grabado l\u00e1ser, medida 25 x 30 mm,  [&#8230;]<\/p>\n","protected":false},"featured_media":2109,"comment_status":"open","ping_status":"closed","template":"","meta":[],"product_brand":[],"product_cat":[17,859],"product_tag":[212,363,50,146,382,83,381,367,68,143,144,215,66,65,214,224,225,119,67,53],"class_list":{"0":"post-2118","1":"product","2":"type-product","3":"status-publish","4":"has-post-thumbnail","6":"product_cat-colgantes-madera","7":"product_cat-madera-artesana","8":"product_tag-artesania","9":"product_tag-artesania-de-galicia","10":"product_tag-asturias","11":"product_tag-colgantes","12":"product_tag-colgantes-artesanos","13":"product_tag-colgantes-celtas","14":"product_tag-colgantes-en-madera","15":"product_tag-cruz-celta","16":"product_tag-espiral","17":"product_tag-euskadi","18":"product_tag-euskalerria","19":"product_tag-grabado-laser","20":"product_tag-lauburu","21":"product_tag-madera","22":"product_tag-madera-laser","23":"product_tag-nudo-celta","24":"product_tag-nudo-del-amor","25":"product_tag-simbolos-celtas","26":"product_tag-triqueta","27":"product_tag-trisquel","29":"first","30":"instock","31":"taxable","32":"shipping-taxable","33":"purchasable","34":"product-type-variable"},"_links":{"self":[{"href":"https:\/\/malasmeigas.com\/index.php?rest_route=\/wp\/v2\/product\/2118","targetHints":{"allow":["GET"]}}],"collection":[{"href":"https:\/\/malasmeigas.com\/index.php?rest_route=\/wp\/v2\/product"}],"about":[{"href":"https:\/\/malasmeigas.com\/index.php?rest_route=\/wp\/v2\/types\/product"}],"replies":[{"embeddable":true,"href":"https:\/\/malasmeigas.com\/index.php?rest_route=%2Fwp%2Fv2%2Fcomments&post=2118"}],"wp:featuredmedia":[{"embeddable":true,"href":"https:\/\/malasmeigas.com\/index.php?rest_route=\/wp\/v2\/media\/2109"}],"wp:attachment":[{"href":"https:\/\/malasmeigas.com\/index.php?rest_route=%2Fwp%2Fv2%2Fmedia&parent=2118"}],"wp:term":[{"taxonomy":"product_brand","embeddable":true,"href":"https:\/\/malasmeigas.com\/index.php?rest_route=%2Fwp%2Fv2%2Fproduct_brand&post=2118"},{"taxonomy":"product_cat","embeddable":true,"href":"https:\/\/malasmeigas.com\/index.php?rest_route=%2Fwp%2Fv2%2Fproduct_cat&post=2118"},{"taxonomy":"product_tag","embeddable":true,"href":"https:\/\/malasmeigas.com\/index.php?rest_route=%2Fwp%2Fv2%2Fproduct_tag&post=2118"}],"curies":[{"name":"wp","href":"https:\/\/api.w.org\/{rel}","templated":true}]}}