{"id":2119,"date":"2021-02-16T16:28:50","date_gmt":"2021-02-16T16:28:50","guid":{"rendered":"https:\/\/malasmeigas.com\/?post_type=product&#038;p=2119"},"modified":"2023-02-07T18:13:28","modified_gmt":"2023-02-07T18:13:28","slug":"c0151-colgante-madera-huellas","status":"publish","type":"product","link":"https:\/\/malasmeigas.com\/?product=c0151-colgante-madera-huellas","title":{"rendered":"Colgante Madera Huellas"},"content":{"rendered":"<p>Colgante en madera Grabado l\u00e1ser, medida 25 x 30 mm, nudo corredizo ajustable de algod\u00f3n, S\u00edmbolo Huellas , en dos terminaciones: fondo claro u oscuro a elegir.<\/p>\n","protected":false},"excerpt":{"rendered":"<p>Colgante en madera Grabado l\u00e1ser, medida 25 x 30 mm,  [&#8230;]<\/p>\n","protected":false},"featured_media":2121,"comment_status":"open","ping_status":"closed","template":"","meta":[],"product_brand":[],"product_cat":[17,859],"product_tag":[212,363,146,382,381,355,357,215,372,373,374,65,214,371,370],"class_list":{"0":"post-2119","1":"product","2":"type-product","3":"status-publish","4":"has-post-thumbnail","6":"product_cat-colgantes-madera","7":"product_cat-madera-artesana","8":"product_tag-artesania","9":"product_tag-artesania-de-galicia","10":"product_tag-colgantes","11":"product_tag-colgantes-artesanos","12":"product_tag-colgantes-en-madera","13":"product_tag-gatitos","14":"product_tag-gatitos-diseno","15":"product_tag-grabado-laser","16":"product_tag-huellas","17":"product_tag-huellas-gato","18":"product_tag-huellas-perro","19":"product_tag-madera","20":"product_tag-madera-laser","21":"product_tag-perritos","22":"product_tag-perros","24":"first","25":"instock","26":"taxable","27":"shipping-taxable","28":"purchasable","29":"product-type-variable"},"_links":{"self":[{"href":"https:\/\/malasmeigas.com\/index.php?rest_route=\/wp\/v2\/product\/2119","targetHints":{"allow":["GET"]}}],"collection":[{"href":"https:\/\/malasmeigas.com\/index.php?rest_route=\/wp\/v2\/product"}],"about":[{"href":"https:\/\/malasmeigas.com\/index.php?rest_route=\/wp\/v2\/types\/product"}],"replies":[{"embeddable":true,"href":"https:\/\/malasmeigas.com\/index.php?rest_route=%2Fwp%2Fv2%2Fcomments&post=2119"}],"wp:featuredmedia":[{"embeddable":true,"href":"https:\/\/malasmeigas.com\/index.php?rest_route=\/wp\/v2\/media\/2121"}],"wp:attachment":[{"href":"https:\/\/malasmeigas.com\/index.php?rest_route=%2Fwp%2Fv2%2Fmedia&parent=2119"}],"wp:term":[{"taxonomy":"product_brand","embeddable":true,"href":"https:\/\/malasmeigas.com\/index.php?rest_route=%2Fwp%2Fv2%2Fproduct_brand&post=2119"},{"taxonomy":"product_cat","embeddable":true,"href":"https:\/\/malasmeigas.com\/index.php?rest_route=%2Fwp%2Fv2%2Fproduct_cat&post=2119"},{"taxonomy":"product_tag","embeddable":true,"href":"https:\/\/malasmeigas.com\/index.php?rest_route=%2Fwp%2Fv2%2Fproduct_tag&post=2119"}],"curies":[{"name":"wp","href":"https:\/\/api.w.org\/{rel}","templated":true}]}}