{"id":3068,"date":"2022-02-13T11:10:19","date_gmt":"2022-02-13T11:10:19","guid":{"rendered":"https:\/\/malasmeigas.com\/?post_type=product&#038;p=3068"},"modified":"2023-02-07T18:05:14","modified_gmt":"2023-02-07T18:05:14","slug":"l0120-llavero-bandera-lgtbi-con-mosqueton","status":"publish","type":"product","link":"https:\/\/malasmeigas.com\/?product=l0120-llavero-bandera-lgtbi-con-mosqueton","title":{"rendered":"Llavero Bandera LGTBI con mosquet\u00f3n"},"content":{"rendered":"<p>Llavero Bandera LGTBI, tela el\u00e1stica, muy resistente con pieza en Zamak y Mosquet\u00f3n. Medida 12 x 3 cm.<\/p>\n","protected":false},"excerpt":{"rendered":"<p>Llavero Bandera LGTBI, tela el\u00e1stica, muy resistente con pieza en  [&#8230;]<\/p>\n","protected":false},"featured_media":3064,"comment_status":"open","ping_status":"closed","template":"","meta":[],"product_brand":[],"product_cat":[863],"product_tag":[569,570,565,566,564,567,568],"class_list":{"0":"post-3068","1":"product","2":"type-product","3":"status-publish","4":"has-post-thumbnail","6":"product_cat-llaveros","7":"product_tag-bandera-arco-iris","8":"product_tag-bandera-lgtbi","9":"product_tag-lgtbi","10":"product_tag-llavero-arco-iris","11":"product_tag-llavero-lgtbi","12":"product_tag-llavero-orgullo","13":"product_tag-llavero-pride","14":"pa_color-azul","15":"pa_color-verde","17":"first","18":"instock","19":"featured","20":"taxable","21":"shipping-taxable","22":"purchasable","23":"product-type-simple"},"_links":{"self":[{"href":"https:\/\/malasmeigas.com\/index.php?rest_route=\/wp\/v2\/product\/3068","targetHints":{"allow":["GET"]}}],"collection":[{"href":"https:\/\/malasmeigas.com\/index.php?rest_route=\/wp\/v2\/product"}],"about":[{"href":"https:\/\/malasmeigas.com\/index.php?rest_route=\/wp\/v2\/types\/product"}],"replies":[{"embeddable":true,"href":"https:\/\/malasmeigas.com\/index.php?rest_route=%2Fwp%2Fv2%2Fcomments&post=3068"}],"wp:featuredmedia":[{"embeddable":true,"href":"https:\/\/malasmeigas.com\/index.php?rest_route=\/wp\/v2\/media\/3064"}],"wp:attachment":[{"href":"https:\/\/malasmeigas.com\/index.php?rest_route=%2Fwp%2Fv2%2Fmedia&parent=3068"}],"wp:term":[{"taxonomy":"product_brand","embeddable":true,"href":"https:\/\/malasmeigas.com\/index.php?rest_route=%2Fwp%2Fv2%2Fproduct_brand&post=3068"},{"taxonomy":"product_cat","embeddable":true,"href":"https:\/\/malasmeigas.com\/index.php?rest_route=%2Fwp%2Fv2%2Fproduct_cat&post=3068"},{"taxonomy":"product_tag","embeddable":true,"href":"https:\/\/malasmeigas.com\/index.php?rest_route=%2Fwp%2Fv2%2Fproduct_tag&post=3068"}],"curies":[{"name":"wp","href":"https:\/\/api.w.org\/{rel}","templated":true}]}}