{"id":3076,"date":"2022-02-13T11:24:43","date_gmt":"2022-02-13T11:24:43","guid":{"rendered":"https:\/\/malasmeigas.com\/?post_type=product&#038;p=3076"},"modified":"2023-12-07T21:31:34","modified_gmt":"2023-12-07T21:31:34","slug":"ac001-pendientes-acero-y-esmalte-arbol-de-la-vida","status":"publish","type":"product","link":"https:\/\/malasmeigas.com\/?product=ac001-pendientes-acero-y-esmalte-arbol-de-la-vida","title":{"rendered":"Pendientes Acero y Esmalte \u00c1rbol de la vida"},"content":{"rendered":"<p>Pendientes \u00c1rbol de la Vida en Acero y Esmalte .Medida 12 x 12 mm aproximadamente.<br \/>\nPosibilidad en algunos modelos de colgante a juego.<\/p>\n<p>Al estar hecho en acero inoxidable garantiza que no cambia su color ni mancha la piel, adem\u00e1s, es hipoalerg\u00e9nico, no produce alergia.<\/p>\n<p>El \u00e1rbol de la vida simboliza la conexi\u00f3n con el entorno ya sea en el plano f\u00edsico como en el espiritual. Se puede observar en las ra\u00edces (el origen) y en las ramas la conexi\u00f3n con la gente como con el universo. Representaci\u00f3n de la sabidur\u00eda, el conocimiento y la conciencia de uno mismo y del entorno<\/p>\n<p>Si tienes alguna consulta, \u00a1escr\u00edbenos!<\/p>\n","protected":false},"excerpt":{"rendered":"<p>Pendientes \u00c1rbol de la Vida en Acero y Esmalte .Medida  [&#8230;]<\/p>\n","protected":false},"featured_media":3087,"comment_status":"open","ping_status":"closed","template":"","meta":[],"product_brand":[],"product_cat":[160,57],"product_tag":[105,162,174,363,51,46,171,172,572,360,64,170,119],"class_list":{"0":"post-3076","1":"product","2":"type-product","3":"status-publish","4":"has-post-thumbnail","6":"product_cat-acero","7":"product_cat-pendientes-acero","8":"product_tag-acero","9":"product_tag-acero-y-esmalte","10":"product_tag-arbol-de-la-vida","11":"product_tag-artesania-de-galicia","12":"product_tag-celta","13":"product_tag-motivos-celtas","14":"product_tag-pendientes-acero","15":"product_tag-pendientes-acero-y-esmalte","16":"product_tag-pendientes-arbol-de-la-vida","17":"product_tag-pendientes-artesanos","18":"product_tag-pendientes-celtas","19":"product_tag-pendientes-esmaltados","20":"product_tag-simbolos-celtas","22":"first","23":"instock","24":"taxable","25":"shipping-taxable","26":"purchasable","27":"product-type-variable"},"_links":{"self":[{"href":"https:\/\/malasmeigas.com\/index.php?rest_route=\/wp\/v2\/product\/3076","targetHints":{"allow":["GET"]}}],"collection":[{"href":"https:\/\/malasmeigas.com\/index.php?rest_route=\/wp\/v2\/product"}],"about":[{"href":"https:\/\/malasmeigas.com\/index.php?rest_route=\/wp\/v2\/types\/product"}],"replies":[{"embeddable":true,"href":"https:\/\/malasmeigas.com\/index.php?rest_route=%2Fwp%2Fv2%2Fcomments&post=3076"}],"wp:featuredmedia":[{"embeddable":true,"href":"https:\/\/malasmeigas.com\/index.php?rest_route=\/wp\/v2\/media\/3087"}],"wp:attachment":[{"href":"https:\/\/malasmeigas.com\/index.php?rest_route=%2Fwp%2Fv2%2Fmedia&parent=3076"}],"wp:term":[{"taxonomy":"product_brand","embeddable":true,"href":"https:\/\/malasmeigas.com\/index.php?rest_route=%2Fwp%2Fv2%2Fproduct_brand&post=3076"},{"taxonomy":"product_cat","embeddable":true,"href":"https:\/\/malasmeigas.com\/index.php?rest_route=%2Fwp%2Fv2%2Fproduct_cat&post=3076"},{"taxonomy":"product_tag","embeddable":true,"href":"https:\/\/malasmeigas.com\/index.php?rest_route=%2Fwp%2Fv2%2Fproduct_tag&post=3076"}],"curies":[{"name":"wp","href":"https:\/\/api.w.org\/{rel}","templated":true}]}}