{"id":3119,"date":"2022-02-13T11:51:12","date_gmt":"2022-02-13T11:51:12","guid":{"rendered":"https:\/\/malasmeigas.com\/?post_type=product&#038;p=3119"},"modified":"2023-02-07T18:02:41","modified_gmt":"2023-02-07T18:02:41","slug":"pa005-pulsera-arbol-de-la-vida-en-acero-y-esmalte","status":"publish","type":"product","link":"https:\/\/malasmeigas.com\/?product=pa005-pulsera-arbol-de-la-vida-en-acero-y-esmalte","title":{"rendered":"Pulsera \u00c1rbol de la Vida en Acero y Esmalte"},"content":{"rendered":"<p>Pulsera Macram\u00e9 de Acero y Esmalte, regulable .Modelo \u00c1rbol de la vida<\/p>\n","protected":false},"excerpt":{"rendered":"<p>Pulsera Macram\u00e9 de Acero y Esmalte, regulable .Modelo \u00c1rbol de  [&#8230;]<\/p>\n","protected":false},"featured_media":3112,"comment_status":"open","ping_status":"closed","template":"","meta":[],"product_brand":[],"product_cat":[160,12,860],"product_tag":[105,162,174,363,376,578,27,577,114],"class_list":{"0":"post-3119","1":"product","2":"type-product","3":"status-publish","4":"has-post-thumbnail","6":"product_cat-acero","7":"product_cat-pulseras","8":"product_cat-pulseras-acero","9":"product_tag-acero","10":"product_tag-acero-y-esmalte","11":"product_tag-arbol-de-la-vida","12":"product_tag-artesania-de-galicia","13":"product_tag-pulsera-ajustable","14":"product_tag-pulsera-arbol-de-la-vida","15":"product_tag-pulsera-celta","16":"product_tag-pulsera-macrame","17":"product_tag-pulseras-celtas","19":"first","20":"outofstock","21":"taxable","22":"shipping-taxable","23":"purchasable","24":"product-type-simple"},"_links":{"self":[{"href":"https:\/\/malasmeigas.com\/index.php?rest_route=\/wp\/v2\/product\/3119","targetHints":{"allow":["GET"]}}],"collection":[{"href":"https:\/\/malasmeigas.com\/index.php?rest_route=\/wp\/v2\/product"}],"about":[{"href":"https:\/\/malasmeigas.com\/index.php?rest_route=\/wp\/v2\/types\/product"}],"replies":[{"embeddable":true,"href":"https:\/\/malasmeigas.com\/index.php?rest_route=%2Fwp%2Fv2%2Fcomments&post=3119"}],"wp:featuredmedia":[{"embeddable":true,"href":"https:\/\/malasmeigas.com\/index.php?rest_route=\/wp\/v2\/media\/3112"}],"wp:attachment":[{"href":"https:\/\/malasmeigas.com\/index.php?rest_route=%2Fwp%2Fv2%2Fmedia&parent=3119"}],"wp:term":[{"taxonomy":"product_brand","embeddable":true,"href":"https:\/\/malasmeigas.com\/index.php?rest_route=%2Fwp%2Fv2%2Fproduct_brand&post=3119"},{"taxonomy":"product_cat","embeddable":true,"href":"https:\/\/malasmeigas.com\/index.php?rest_route=%2Fwp%2Fv2%2Fproduct_cat&post=3119"},{"taxonomy":"product_tag","embeddable":true,"href":"https:\/\/malasmeigas.com\/index.php?rest_route=%2Fwp%2Fv2%2Fproduct_tag&post=3119"}],"curies":[{"name":"wp","href":"https:\/\/api.w.org\/{rel}","templated":true}]}}