{"id":3153,"date":"2022-02-13T17:07:36","date_gmt":"2022-02-13T17:07:36","guid":{"rendered":"https:\/\/malasmeigas.com\/?post_type=product&#038;p=3153"},"modified":"2024-12-20T17:46:21","modified_gmt":"2024-12-20T17:46:21","slug":"p0223-pulsera-cuero-y-acero-trisquel","status":"publish","type":"product","link":"https:\/\/malasmeigas.com\/?product=p0223-pulsera-cuero-y-acero-trisquel","title":{"rendered":"Pulsera Trisquel Cuero y Acero"},"content":{"rendered":"<p>Pulsera de Cuero de 12 x 6 mm ,largo 22 cm regulable. Pieza central grabada con laser\u00a0 , cierre ajustable de Acero inoxidable.<\/p>\n<p>Al estar hecho en acero inoxidable garantiza que no cambia su color ni mancha la piel, adem\u00e1s, es hipoalerg\u00e9nico, no produce alergia.<\/p>\n<p>El Trisquel Celta representa tierra, fuego y agua, la representaci\u00f3n del origen y el fin, la evoluci\u00f3n permanente en busca de la perfecci\u00f3n.<br \/>\nproporciona el equilibrio entre cuerpo, mente y alma<\/p>\n<p>Posibilidad de personalizar el signo central.<\/p>\n<p>Si tienes alguna consulta, \u00a1escr\u00edbenos!<\/p>\n<p>&nbsp;<\/p>\n","protected":false},"excerpt":{"rendered":"<p>Pulsera de Cuero de 12 x 6 mm ,largo 22  [&#8230;]<\/p>\n","protected":false},"featured_media":3903,"comment_status":"open","ping_status":"closed","template":"","meta":[],"product_brand":[],"product_cat":[12,94],"product_tag":[161,376,27,31,193,583,227,431],"class_list":{"0":"post-3153","1":"product","2":"type-product","3":"status-publish","4":"has-post-thumbnail","6":"product_cat-pulseras","7":"product_cat-pulseras-piel","8":"product_tag-pulsera-acero","9":"product_tag-pulsera-ajustable","10":"product_tag-pulsera-celta","11":"product_tag-pulsera-cuero","12":"product_tag-pulsera-hombre","13":"product_tag-pulsera-simbolos-celtas","14":"product_tag-pulsera-trisquel","15":"product_tag-pulseras-moda","16":"pa_color-azulon","17":"pa_color-marron","18":"pa_color-negro","20":"first","21":"instock","22":"featured","23":"taxable","24":"shipping-taxable","25":"purchasable","26":"product-type-variable"},"_links":{"self":[{"href":"https:\/\/malasmeigas.com\/index.php?rest_route=\/wp\/v2\/product\/3153","targetHints":{"allow":["GET"]}}],"collection":[{"href":"https:\/\/malasmeigas.com\/index.php?rest_route=\/wp\/v2\/product"}],"about":[{"href":"https:\/\/malasmeigas.com\/index.php?rest_route=\/wp\/v2\/types\/product"}],"replies":[{"embeddable":true,"href":"https:\/\/malasmeigas.com\/index.php?rest_route=%2Fwp%2Fv2%2Fcomments&post=3153"}],"wp:featuredmedia":[{"embeddable":true,"href":"https:\/\/malasmeigas.com\/index.php?rest_route=\/wp\/v2\/media\/3903"}],"wp:attachment":[{"href":"https:\/\/malasmeigas.com\/index.php?rest_route=%2Fwp%2Fv2%2Fmedia&parent=3153"}],"wp:term":[{"taxonomy":"product_brand","embeddable":true,"href":"https:\/\/malasmeigas.com\/index.php?rest_route=%2Fwp%2Fv2%2Fproduct_brand&post=3153"},{"taxonomy":"product_cat","embeddable":true,"href":"https:\/\/malasmeigas.com\/index.php?rest_route=%2Fwp%2Fv2%2Fproduct_cat&post=3153"},{"taxonomy":"product_tag","embeddable":true,"href":"https:\/\/malasmeigas.com\/index.php?rest_route=%2Fwp%2Fv2%2Fproduct_tag&post=3153"}],"curies":[{"name":"wp","href":"https:\/\/api.w.org\/{rel}","templated":true}]}}