{"id":3215,"date":"2022-10-31T19:09:13","date_gmt":"2022-10-31T19:09:13","guid":{"rendered":"https:\/\/malasmeigas.com\/?post_type=product&#038;p=3215"},"modified":"2025-05-14T14:52:10","modified_gmt":"2025-05-14T14:52:10","slug":"ac003-colgante-acero-arbol-de-la-vida-2","status":"publish","type":"product","link":"https:\/\/malasmeigas.com\/?product=ac003-colgante-acero-arbol-de-la-vida-2","title":{"rendered":"Colgante Acero \u00c1rbol de la vida"},"content":{"rendered":"<p>Colgante en Acero\u00a0 , S\u00edmbolo \u00c1rbol de la vida<\/p>\n<p>Tama\u00f1o colgante\u00a0 : 20 mm<\/p>\n<p>Largo cadena: 45 cm<\/p>\n<p>Al estar hecho en acero inoxidable garantiza que no cambia su color ni mancha la piel, adem\u00e1s, es hipoalerg\u00e9nico, no produce alergia.<\/p>\n<p>El \u00e1rbol de la vida simboliza la conexi\u00f3n con el entorno ya sea en el plano f\u00edsico como en el espiritual. Se puede observar en las ra\u00edces (el origen) y en las ramas la conexi\u00f3n con la gente como con el universo. Representaci\u00f3n de la sabidur\u00eda, el conocimiento y la conciencia de uno mismo y del entorno<\/p>\n<p>Si tienes alguna consulta, \u00a1escr\u00edbenos!<\/p>\n<p>&nbsp;<\/p>\n<p>&nbsp;<\/p>\n","protected":false},"excerpt":{"rendered":"<p>Colgante en Acero\u00a0 , S\u00edmbolo \u00c1rbol de la vida Tama\u00f1o  [&#8230;]<\/p>\n","protected":false},"featured_media":3216,"comment_status":"open","ping_status":"closed","template":"","meta":[],"product_brand":[],"product_cat":[160,10],"product_tag":[588,105,174,363,51,571,589,46,119,587,586],"class_list":{"0":"post-3215","1":"product","2":"type-product","3":"status-publish","4":"has-post-thumbnail","6":"product_cat-acero","7":"product_cat-colgantes-acero","8":"product_tag-accesorios","9":"product_tag-acero","10":"product_tag-arbol-de-la-vida","11":"product_tag-artesania-de-galicia","12":"product_tag-celta","13":"product_tag-colgante-arbol-de-la-vida","14":"product_tag-colgantes-acero-inoxidable","15":"product_tag-motivos-celtas","16":"product_tag-simbolos-celtas","17":"product_tag-stainless-steel","18":"product_tag-stainlesssteel","20":"first","21":"instock","22":"taxable","23":"shipping-taxable","24":"purchasable","25":"product-type-variable"},"_links":{"self":[{"href":"https:\/\/malasmeigas.com\/index.php?rest_route=\/wp\/v2\/product\/3215","targetHints":{"allow":["GET"]}}],"collection":[{"href":"https:\/\/malasmeigas.com\/index.php?rest_route=\/wp\/v2\/product"}],"about":[{"href":"https:\/\/malasmeigas.com\/index.php?rest_route=\/wp\/v2\/types\/product"}],"replies":[{"embeddable":true,"href":"https:\/\/malasmeigas.com\/index.php?rest_route=%2Fwp%2Fv2%2Fcomments&post=3215"}],"wp:featuredmedia":[{"embeddable":true,"href":"https:\/\/malasmeigas.com\/index.php?rest_route=\/wp\/v2\/media\/3216"}],"wp:attachment":[{"href":"https:\/\/malasmeigas.com\/index.php?rest_route=%2Fwp%2Fv2%2Fmedia&parent=3215"}],"wp:term":[{"taxonomy":"product_brand","embeddable":true,"href":"https:\/\/malasmeigas.com\/index.php?rest_route=%2Fwp%2Fv2%2Fproduct_brand&post=3215"},{"taxonomy":"product_cat","embeddable":true,"href":"https:\/\/malasmeigas.com\/index.php?rest_route=%2Fwp%2Fv2%2Fproduct_cat&post=3215"},{"taxonomy":"product_tag","embeddable":true,"href":"https:\/\/malasmeigas.com\/index.php?rest_route=%2Fwp%2Fv2%2Fproduct_tag&post=3215"}],"curies":[{"name":"wp","href":"https:\/\/api.w.org\/{rel}","templated":true}]}}