{"id":3261,"date":"2022-11-01T10:34:27","date_gmt":"2022-11-01T10:34:27","guid":{"rendered":"https:\/\/malasmeigas.com\/?post_type=product&#038;p=3261"},"modified":"2024-12-20T17:45:17","modified_gmt":"2024-12-20T17:45:17","slug":"pulsera-silicona-espana","status":"publish","type":"product","link":"https:\/\/malasmeigas.com\/?product=pulsera-silicona-espana","title":{"rendered":"Pulsera Espa\u00f1a Silicona"},"content":{"rendered":"<p>Pulsera Espa\u00f1a en Silicona,2 colores azul o verde y 2 medidas , 202 mm para hombre y 180 mm para chicas y ni\u00f1os.<\/p>\n","protected":false},"excerpt":{"rendered":"<p>Pulsera Espa\u00f1a en Silicona,2 colores azul o verde y 2  [&#8230;]<\/p>\n","protected":false},"featured_media":3264,"comment_status":"open","ping_status":"closed","template":"","meta":[],"product_brand":[],"product_cat":[12,867],"product_tag":[588,619,557,613,624,620,622,621,626,625,623,329],"class_list":{"0":"post-3261","1":"product","2":"type-product","3":"status-publish","4":"has-post-thumbnail","6":"product_cat-pulseras","7":"product_cat-pulseras-silicona","8":"product_tag-accesorios","9":"product_tag-bandera-espana","10":"product_tag-bandera-espanola","11":"product_tag-complementos","12":"product_tag-pulsera-elastica-espana","13":"product_tag-pulsera-espana","14":"product_tag-pulsera-espana-chicas","15":"product_tag-pulsera-espana-ninos","16":"product_tag-pulsera-guardia","17":"product_tag-pulsera-policia","18":"product_tag-pulsera-seleccion","19":"product_tag-pulsera-silicona","20":"pa_color-azul","21":"pa_color-verde","23":"first","24":"instock","25":"taxable","26":"shipping-taxable","27":"purchasable","28":"product-type-variable"},"_links":{"self":[{"href":"https:\/\/malasmeigas.com\/index.php?rest_route=\/wp\/v2\/product\/3261","targetHints":{"allow":["GET"]}}],"collection":[{"href":"https:\/\/malasmeigas.com\/index.php?rest_route=\/wp\/v2\/product"}],"about":[{"href":"https:\/\/malasmeigas.com\/index.php?rest_route=\/wp\/v2\/types\/product"}],"replies":[{"embeddable":true,"href":"https:\/\/malasmeigas.com\/index.php?rest_route=%2Fwp%2Fv2%2Fcomments&post=3261"}],"wp:featuredmedia":[{"embeddable":true,"href":"https:\/\/malasmeigas.com\/index.php?rest_route=\/wp\/v2\/media\/3264"}],"wp:attachment":[{"href":"https:\/\/malasmeigas.com\/index.php?rest_route=%2Fwp%2Fv2%2Fmedia&parent=3261"}],"wp:term":[{"taxonomy":"product_brand","embeddable":true,"href":"https:\/\/malasmeigas.com\/index.php?rest_route=%2Fwp%2Fv2%2Fproduct_brand&post=3261"},{"taxonomy":"product_cat","embeddable":true,"href":"https:\/\/malasmeigas.com\/index.php?rest_route=%2Fwp%2Fv2%2Fproduct_cat&post=3261"},{"taxonomy":"product_tag","embeddable":true,"href":"https:\/\/malasmeigas.com\/index.php?rest_route=%2Fwp%2Fv2%2Fproduct_tag&post=3261"}],"curies":[{"name":"wp","href":"https:\/\/api.w.org\/{rel}","templated":true}]}}