{"id":3438,"date":"2023-01-05T10:18:11","date_gmt":"2023-01-05T10:18:11","guid":{"rendered":"https:\/\/malasmeigas.com\/?post_type=product&#038;p=3438"},"modified":"2023-02-07T17:49:59","modified_gmt":"2023-02-07T17:49:59","slug":"llavero-trisquel-celta-en-madera","status":"publish","type":"product","link":"https:\/\/malasmeigas.com\/?product=llavero-trisquel-celta-en-madera","title":{"rendered":"Llavero Trisquel Celta en madera"},"content":{"rendered":"<p>Llavero en madera barnizada de ameneiro\u00a0 de 3 mm de grosor y de 43 x 51 mm aproximadamente. Cuero de 10 mm de ancho por 10 cm de largo , pieza de zamak ba\u00f1ada en plata y mosquet\u00f3n.<\/p>\n<p>S\u00edmbolo Trisquel Celta<\/p>\n<p>El Trisquel Celta representa tierra, fuego y agua, la representaci\u00f3n del origen y el fin, la evoluci\u00f3n permanente en busca de la perfecci\u00f3n.<br \/>\nproporciona el equilibrio entre cuerpo, mente y alma.<\/p>\n<p>Se puede personalizar, como casi todos nuestros productos.<\/p>\n<p>Si tienes alguna consulta, \u00a1escr\u00edbenos!<\/p>\n","protected":false},"excerpt":{"rendered":"<p>Llavero en madera barnizada de ameneiro\u00a0 de 3 mm de  [&#8230;]<\/p>\n","protected":false},"featured_media":3444,"comment_status":"open","ping_status":"closed","template":"","meta":[],"product_brand":[],"product_cat":[863,90],"product_tag":[696,50,93,704,692,703,709,676,697,708,705,53,706,707],"class_list":{"0":"post-3438","1":"product","2":"type-product","3":"status-publish","4":"has-post-thumbnail","6":"product_cat-llaveros","7":"product_cat-llaveros-madera","8":"product_tag-artesania-madera","9":"product_tag-asturias","10":"product_tag-cantabria","11":"product_tag-celta-triskel","12":"product_tag-llavero-madera","13":"product_tag-llavero-trisquel","14":"product_tag-recuerdo-galicia","15":"product_tag-simbolo-celta","16":"product_tag-simbolos-madera","17":"product_tag-souvenir-celta","18":"product_tag-triskelion","19":"product_tag-trisquel","20":"product_tag-trisquel-celta","21":"product_tag-trisquel-madera","22":"pa_color-marron","23":"pa_color-marron-claro","25":"first","26":"instock","27":"taxable","28":"shipping-taxable","29":"purchasable","30":"product-type-variable"},"_links":{"self":[{"href":"https:\/\/malasmeigas.com\/index.php?rest_route=\/wp\/v2\/product\/3438","targetHints":{"allow":["GET"]}}],"collection":[{"href":"https:\/\/malasmeigas.com\/index.php?rest_route=\/wp\/v2\/product"}],"about":[{"href":"https:\/\/malasmeigas.com\/index.php?rest_route=\/wp\/v2\/types\/product"}],"replies":[{"embeddable":true,"href":"https:\/\/malasmeigas.com\/index.php?rest_route=%2Fwp%2Fv2%2Fcomments&post=3438"}],"wp:featuredmedia":[{"embeddable":true,"href":"https:\/\/malasmeigas.com\/index.php?rest_route=\/wp\/v2\/media\/3444"}],"wp:attachment":[{"href":"https:\/\/malasmeigas.com\/index.php?rest_route=%2Fwp%2Fv2%2Fmedia&parent=3438"}],"wp:term":[{"taxonomy":"product_brand","embeddable":true,"href":"https:\/\/malasmeigas.com\/index.php?rest_route=%2Fwp%2Fv2%2Fproduct_brand&post=3438"},{"taxonomy":"product_cat","embeddable":true,"href":"https:\/\/malasmeigas.com\/index.php?rest_route=%2Fwp%2Fv2%2Fproduct_cat&post=3438"},{"taxonomy":"product_tag","embeddable":true,"href":"https:\/\/malasmeigas.com\/index.php?rest_route=%2Fwp%2Fv2%2Fproduct_tag&post=3438"}],"curies":[{"name":"wp","href":"https:\/\/api.w.org\/{rel}","templated":true}]}}