{"id":3451,"date":"2023-01-05T10:29:01","date_gmt":"2023-01-05T10:29:01","guid":{"rendered":"https:\/\/malasmeigas.com\/?post_type=product&#038;p=3451"},"modified":"2023-02-07T17:49:39","modified_gmt":"2023-02-07T17:49:39","slug":"llavero-espiral-celta-en-madera","status":"publish","type":"product","link":"https:\/\/malasmeigas.com\/?product=llavero-espiral-celta-en-madera","title":{"rendered":"Llavero Espiral Celta en madera"},"content":{"rendered":"<p>Llavero en madera barnizada de ameneiro\u00a0 de 3 mm de grosor y de 43 x 51 mm aproximadamente. Cuero de 10 mm de ancho por 10 cm de largo , pieza de zamak ba\u00f1ada en plata y mosquet\u00f3n.<\/p>\n<p>S\u00edmbolo Espiral Celta<\/p>\n<p>En la cultura celta, esta espiral\u00a0<b>simboliza la inmortalidad; la vida eterna, sin principio ni final<\/b>. Es uno de los s\u00edmbolos m\u00e1s antiguos de dicha cultura y es una forma de lo m\u00e1s art\u00edstica y filos\u00f3fica de representar la naturaleza y el paso del tiempo.<\/p>\n<p>Se puede personalizar, como casi todos nuestros productos.<\/p>\n<p>Si tienes alguna consulta, \u00a1escr\u00edbenos!<\/p>\n","protected":false},"excerpt":{"rendered":"<p>Llavero en madera barnizada de ameneiro\u00a0 de 3 mm de  [&#8230;]<\/p>\n","protected":false},"featured_media":3458,"comment_status":"open","ping_status":"closed","template":"","meta":[],"product_brand":[],"product_cat":[863,90],"product_tag":[696,68,711,712,710,692,709,676,697,708],"class_list":{"0":"post-3451","1":"product","2":"type-product","3":"status-publish","4":"has-post-thumbnail","6":"product_cat-llaveros","7":"product_cat-llaveros-madera","8":"product_tag-artesania-madera","9":"product_tag-espiral","10":"product_tag-espiral-celta","11":"product_tag-espiral-madera","12":"product_tag-llavero-espiral","13":"product_tag-llavero-madera","14":"product_tag-recuerdo-galicia","15":"product_tag-simbolo-celta","16":"product_tag-simbolos-madera","17":"product_tag-souvenir-celta","18":"pa_color-marron","19":"pa_color-marron-claro","21":"first","22":"instock","23":"taxable","24":"shipping-taxable","25":"purchasable","26":"product-type-variable"},"_links":{"self":[{"href":"https:\/\/malasmeigas.com\/index.php?rest_route=\/wp\/v2\/product\/3451","targetHints":{"allow":["GET"]}}],"collection":[{"href":"https:\/\/malasmeigas.com\/index.php?rest_route=\/wp\/v2\/product"}],"about":[{"href":"https:\/\/malasmeigas.com\/index.php?rest_route=\/wp\/v2\/types\/product"}],"replies":[{"embeddable":true,"href":"https:\/\/malasmeigas.com\/index.php?rest_route=%2Fwp%2Fv2%2Fcomments&post=3451"}],"wp:featuredmedia":[{"embeddable":true,"href":"https:\/\/malasmeigas.com\/index.php?rest_route=\/wp\/v2\/media\/3458"}],"wp:attachment":[{"href":"https:\/\/malasmeigas.com\/index.php?rest_route=%2Fwp%2Fv2%2Fmedia&parent=3451"}],"wp:term":[{"taxonomy":"product_brand","embeddable":true,"href":"https:\/\/malasmeigas.com\/index.php?rest_route=%2Fwp%2Fv2%2Fproduct_brand&post=3451"},{"taxonomy":"product_cat","embeddable":true,"href":"https:\/\/malasmeigas.com\/index.php?rest_route=%2Fwp%2Fv2%2Fproduct_cat&post=3451"},{"taxonomy":"product_tag","embeddable":true,"href":"https:\/\/malasmeigas.com\/index.php?rest_route=%2Fwp%2Fv2%2Fproduct_tag&post=3451"}],"curies":[{"name":"wp","href":"https:\/\/api.w.org\/{rel}","templated":true}]}}