{"id":3822,"date":"2023-01-13T11:07:18","date_gmt":"2023-01-13T11:07:18","guid":{"rendered":"https:\/\/malasmeigas.com\/?post_type=product&#038;p=3822"},"modified":"2023-02-07T17:32:21","modified_gmt":"2023-02-07T17:32:21","slug":"iman-comunion-personalizado","status":"publish","type":"product","link":"https:\/\/malasmeigas.com\/?product=iman-comunion-personalizado","title":{"rendered":"Im\u00e1n Comuni\u00f3n Personalizado"},"content":{"rendered":"<p>Im\u00e1n en madera barnizada de ameneiro\u00a0 de 3 mm de grosor y de 39 x 53 mm o redondo de 48 x 48 mm<\/p>\n<p>Im\u00e1n Comuni\u00f3n\u00a0 personalizado con nombre y\u00a0 fecha.<\/p>\n<p>Tambi\u00e9n se puede personalizar con el texto que nos digas y lo grabamos para ti .<\/p>\n<p>Para mas de una unidad consulta precios.<\/p>\n<p>Si tienes alguna consulta, \u00a1escr\u00edbenos!<\/p>\n","protected":false},"excerpt":{"rendered":"<p>Im\u00e1n en madera barnizada de ameneiro\u00a0 de 3 mm de  [&#8230;]<\/p>\n","protected":false},"featured_media":3825,"comment_status":"open","ping_status":"closed","template":"","meta":[],"product_brand":[],"product_cat":[11,859],"product_tag":[696,827,825,823,828,826,252],"class_list":{"0":"post-3822","1":"product","2":"type-product","3":"status-publish","4":"has-post-thumbnail","6":"product_cat-imanes-madera","7":"product_cat-madera-artesana","8":"product_tag-artesania-madera","9":"product_tag-iman-comunion","10":"product_tag-iman-madera","11":"product_tag-iman-personalizado","12":"product_tag-iman-personalizado-comunion","13":"product_tag-regalo-comunion","14":"product_tag-regalo-personalizado","16":"first","17":"instock","18":"taxable","19":"shipping-taxable","20":"purchasable","21":"product-type-variable"},"_links":{"self":[{"href":"https:\/\/malasmeigas.com\/index.php?rest_route=\/wp\/v2\/product\/3822","targetHints":{"allow":["GET"]}}],"collection":[{"href":"https:\/\/malasmeigas.com\/index.php?rest_route=\/wp\/v2\/product"}],"about":[{"href":"https:\/\/malasmeigas.com\/index.php?rest_route=\/wp\/v2\/types\/product"}],"replies":[{"embeddable":true,"href":"https:\/\/malasmeigas.com\/index.php?rest_route=%2Fwp%2Fv2%2Fcomments&post=3822"}],"wp:featuredmedia":[{"embeddable":true,"href":"https:\/\/malasmeigas.com\/index.php?rest_route=\/wp\/v2\/media\/3825"}],"wp:attachment":[{"href":"https:\/\/malasmeigas.com\/index.php?rest_route=%2Fwp%2Fv2%2Fmedia&parent=3822"}],"wp:term":[{"taxonomy":"product_brand","embeddable":true,"href":"https:\/\/malasmeigas.com\/index.php?rest_route=%2Fwp%2Fv2%2Fproduct_brand&post=3822"},{"taxonomy":"product_cat","embeddable":true,"href":"https:\/\/malasmeigas.com\/index.php?rest_route=%2Fwp%2Fv2%2Fproduct_cat&post=3822"},{"taxonomy":"product_tag","embeddable":true,"href":"https:\/\/malasmeigas.com\/index.php?rest_route=%2Fwp%2Fv2%2Fproduct_tag&post=3822"}],"curies":[{"name":"wp","href":"https:\/\/api.w.org\/{rel}","templated":true}]}}