{"id":3991,"date":"2023-02-10T17:15:33","date_gmt":"2023-02-10T17:15:33","guid":{"rendered":"https:\/\/malasmeigas.com\/?post_type=product&#038;p=3991"},"modified":"2023-02-10T17:27:12","modified_gmt":"2023-02-10T17:27:12","slug":"pulsera-camino-de-santiago-madera-y-macrame","status":"publish","type":"product","link":"https:\/\/malasmeigas.com\/?product=pulsera-camino-de-santiago-madera-y-macrame","title":{"rendered":"Pulsera Camino de Santiago Madera y Macram\u00e9"},"content":{"rendered":"<p>Pulsera con pieza central en madera grabada con Laser,\u00a0 s\u00edmbolos del Camino de Santiago : Concha, Flecha o Cruz de Santiago.<\/p>\n<p>Macram\u00e9 en hilo de algod\u00f3n cierre regulable terminaci\u00f3n bolitas metal chapadas en plata.<\/p>\n","protected":false},"excerpt":{"rendered":"<p>Pulsera con pieza central en madera grabada con Laser,\u00a0 s\u00edmbolos  [&#8230;]<\/p>\n","protected":false},"featured_media":3999,"comment_status":"open","ping_status":"closed","template":"","meta":[],"product_brand":[],"product_cat":[12,865],"product_tag":[118,332,700,576,870,869,377,577,223,871],"class_list":{"0":"post-3991","1":"product","2":"type-product","3":"status-publish","4":"has-post-thumbnail","6":"product_cat-pulseras","7":"product_cat-pulsera-madera","8":"product_tag-concha-camino-de-santiago","9":"product_tag-cruz-de-santiago","10":"product_tag-flecha-camino-de-santiago","11":"product_tag-pulsera-camino-de-santiago","12":"product_tag-pulsera-concha-camino","13":"product_tag-pulsera-cruz-de-santiago","14":"product_tag-pulsera-flecha","15":"product_tag-pulsera-macrame","16":"product_tag-pulsera-madera","17":"product_tag-pulsera-regulable","19":"first","20":"instock","21":"taxable","22":"shipping-taxable","23":"purchasable","24":"product-type-variable"},"_links":{"self":[{"href":"https:\/\/malasmeigas.com\/index.php?rest_route=\/wp\/v2\/product\/3991","targetHints":{"allow":["GET"]}}],"collection":[{"href":"https:\/\/malasmeigas.com\/index.php?rest_route=\/wp\/v2\/product"}],"about":[{"href":"https:\/\/malasmeigas.com\/index.php?rest_route=\/wp\/v2\/types\/product"}],"replies":[{"embeddable":true,"href":"https:\/\/malasmeigas.com\/index.php?rest_route=%2Fwp%2Fv2%2Fcomments&post=3991"}],"wp:featuredmedia":[{"embeddable":true,"href":"https:\/\/malasmeigas.com\/index.php?rest_route=\/wp\/v2\/media\/3999"}],"wp:attachment":[{"href":"https:\/\/malasmeigas.com\/index.php?rest_route=%2Fwp%2Fv2%2Fmedia&parent=3991"}],"wp:term":[{"taxonomy":"product_brand","embeddable":true,"href":"https:\/\/malasmeigas.com\/index.php?rest_route=%2Fwp%2Fv2%2Fproduct_brand&post=3991"},{"taxonomy":"product_cat","embeddable":true,"href":"https:\/\/malasmeigas.com\/index.php?rest_route=%2Fwp%2Fv2%2Fproduct_cat&post=3991"},{"taxonomy":"product_tag","embeddable":true,"href":"https:\/\/malasmeigas.com\/index.php?rest_route=%2Fwp%2Fv2%2Fproduct_tag&post=3991"}],"curies":[{"name":"wp","href":"https:\/\/api.w.org\/{rel}","templated":true}]}}