{"id":4078,"date":"2023-10-30T13:39:07","date_gmt":"2023-10-30T13:39:07","guid":{"rendered":"https:\/\/malasmeigas.com\/?post_type=product&#038;p=4078"},"modified":"2023-10-30T15:04:50","modified_gmt":"2023-10-30T15:04:50","slug":"conjunto-flecha-del-camino-colgante-y-pendientes-de-acero-inoxidable","status":"publish","type":"product","link":"https:\/\/malasmeigas.com\/?product=conjunto-flecha-del-camino-colgante-y-pendientes-de-acero-inoxidable","title":{"rendered":"Conjunto Flecha del Camino, Colgante y pendientes de acero inoxidable"},"content":{"rendered":"<p>Conjunto de colgante y pendientes de acero inoxidable dise\u00f1o Flecha Camino de Santiago.<\/p>\n<p>Tama\u00f1o colgante: 28 mm<br \/>\nTama\u00f1o pendiente: 16 mm<br \/>\nLargo cadena: 45 cm<\/p>\n<p>Al estar hecho en acero inoxidable garantiza que no cambia su color ni mancha la piel, adem\u00e1s, es hipoalerg\u00e9nico, no produce alergia.<\/p>\n<p>La Flecha del Camino es uno de los S\u00edmbolos principales de la peregrinaci\u00f3n a Santiago de Compostela, gu\u00eda al peregrino por todo el camino.<\/p>\n<p>Si tienes alguna consulta, \u00a1escr\u00edbenos!<\/p>\n","protected":false},"excerpt":{"rendered":"<p>Conjunto de colgante y pendientes de acero inoxidable dise\u00f1o Flecha  [&#8230;]<\/p>\n","protected":false},"featured_media":4087,"comment_status":"open","ping_status":"closed","template":"","meta":[],"product_brand":[],"product_cat":[160,535],"product_tag":[588,105,44,184,589,599,600,880,700,879,596,171,586,595],"class_list":{"0":"post-4078","1":"product","2":"type-product","3":"status-publish","4":"has-post-thumbnail","6":"product_cat-acero","7":"product_cat-conjuntos-acero","8":"product_tag-accesorios","9":"product_tag-acero","10":"product_tag-camino-de-santiago","11":"product_tag-colgante-acero","12":"product_tag-colgantes-acero-inoxidable","13":"product_tag-conjunto-acero-inoxidable","14":"product_tag-conjunto-concha-en-acero","15":"product_tag-flecha-bisuteria","16":"product_tag-flecha-camino-de-santiago","17":"product_tag-flecha-pendientes","18":"product_tag-joyeria-en-acero","19":"product_tag-pendientes-acero","20":"product_tag-stainlesssteel","21":"product_tag-steel","23":"first","24":"instock","25":"taxable","26":"shipping-taxable","27":"purchasable","28":"product-type-variable"},"_links":{"self":[{"href":"https:\/\/malasmeigas.com\/index.php?rest_route=\/wp\/v2\/product\/4078","targetHints":{"allow":["GET"]}}],"collection":[{"href":"https:\/\/malasmeigas.com\/index.php?rest_route=\/wp\/v2\/product"}],"about":[{"href":"https:\/\/malasmeigas.com\/index.php?rest_route=\/wp\/v2\/types\/product"}],"replies":[{"embeddable":true,"href":"https:\/\/malasmeigas.com\/index.php?rest_route=%2Fwp%2Fv2%2Fcomments&post=4078"}],"wp:featuredmedia":[{"embeddable":true,"href":"https:\/\/malasmeigas.com\/index.php?rest_route=\/wp\/v2\/media\/4087"}],"wp:attachment":[{"href":"https:\/\/malasmeigas.com\/index.php?rest_route=%2Fwp%2Fv2%2Fmedia&parent=4078"}],"wp:term":[{"taxonomy":"product_brand","embeddable":true,"href":"https:\/\/malasmeigas.com\/index.php?rest_route=%2Fwp%2Fv2%2Fproduct_brand&post=4078"},{"taxonomy":"product_cat","embeddable":true,"href":"https:\/\/malasmeigas.com\/index.php?rest_route=%2Fwp%2Fv2%2Fproduct_cat&post=4078"},{"taxonomy":"product_tag","embeddable":true,"href":"https:\/\/malasmeigas.com\/index.php?rest_route=%2Fwp%2Fv2%2Fproduct_tag&post=4078"}],"curies":[{"name":"wp","href":"https:\/\/api.w.org\/{rel}","templated":true}]}}