{"id":4193,"date":"2023-11-19T09:45:15","date_gmt":"2023-11-19T09:45:15","guid":{"rendered":"https:\/\/malasmeigas.com\/?post_type=product&#038;p=4193"},"modified":"2023-11-19T10:00:48","modified_gmt":"2023-11-19T10:00:48","slug":"conjunto-lauburu-acero","status":"publish","type":"product","link":"https:\/\/malasmeigas.com\/?product=conjunto-lauburu-acero","title":{"rendered":"Conjunto Lauburu Acero"},"content":{"rendered":"<p>Conjunto de acero inoxidable\u00a0dise\u00f1o Lauburu.<br \/>\nTama\u00f1o Colgante circulo: 25 mm<br \/>\nTama\u00f1o Colgante recortado : 25 mm solo en plateado<br \/>\nTama\u00f1o cadena : 45 cm<br \/>\nTama\u00f1o pendientes redondos: 12 mm<br \/>\nTama\u00f1o pendientes recortados: 10 mm<br \/>\nTraducido literalmente como cuatro cabezas (lau= cuatro y buru=cabeza), el lauburu es un s\u00edmbolo mitol\u00f3gico antiqu\u00edsimo que representa al sol. Un astro en movimiento, en forma de h\u00e9lice, con formas curvil\u00edneas.<br \/>\nEl material es\u00a0 acero inoxidable\u00a0 por lo que garantiza que no cambia su color ni mancha la piel, adem\u00e1s, es hipoalerg\u00e9nico.<\/p>\n","protected":false},"excerpt":{"rendered":"<p>Conjunto de acero inoxidable\u00a0dise\u00f1o Lauburu. Tama\u00f1o Colgante circulo: 25 mm  [&#8230;]<\/p>\n","protected":false},"featured_media":4201,"comment_status":"open","ping_status":"closed","template":"","meta":[],"product_brand":[],"product_cat":[160,301,535],"product_tag":[105,893,599,917,66,918,920,919,119],"class_list":{"0":"post-4193","1":"product","2":"type-product","3":"status-publish","4":"has-post-thumbnail","6":"product_cat-acero","7":"product_cat-artesania","8":"product_cat-conjuntos-acero","9":"product_tag-acero","10":"product_tag-acero-inoxidable","11":"product_tag-conjunto-acero-inoxidable","12":"product_tag-conjunto-lauburu","13":"product_tag-lauburu","14":"product_tag-lauburu-acero","15":"product_tag-lauburu-colgante","16":"product_tag-lauburu-pendientes","17":"product_tag-simbolos-celtas","19":"first","20":"instock","21":"taxable","22":"shipping-taxable","23":"purchasable","24":"product-type-variable"},"_links":{"self":[{"href":"https:\/\/malasmeigas.com\/index.php?rest_route=\/wp\/v2\/product\/4193","targetHints":{"allow":["GET"]}}],"collection":[{"href":"https:\/\/malasmeigas.com\/index.php?rest_route=\/wp\/v2\/product"}],"about":[{"href":"https:\/\/malasmeigas.com\/index.php?rest_route=\/wp\/v2\/types\/product"}],"replies":[{"embeddable":true,"href":"https:\/\/malasmeigas.com\/index.php?rest_route=%2Fwp%2Fv2%2Fcomments&post=4193"}],"wp:featuredmedia":[{"embeddable":true,"href":"https:\/\/malasmeigas.com\/index.php?rest_route=\/wp\/v2\/media\/4201"}],"wp:attachment":[{"href":"https:\/\/malasmeigas.com\/index.php?rest_route=%2Fwp%2Fv2%2Fmedia&parent=4193"}],"wp:term":[{"taxonomy":"product_brand","embeddable":true,"href":"https:\/\/malasmeigas.com\/index.php?rest_route=%2Fwp%2Fv2%2Fproduct_brand&post=4193"},{"taxonomy":"product_cat","embeddable":true,"href":"https:\/\/malasmeigas.com\/index.php?rest_route=%2Fwp%2Fv2%2Fproduct_cat&post=4193"},{"taxonomy":"product_tag","embeddable":true,"href":"https:\/\/malasmeigas.com\/index.php?rest_route=%2Fwp%2Fv2%2Fproduct_tag&post=4193"}],"curies":[{"name":"wp","href":"https:\/\/api.w.org\/{rel}","templated":true}]}}