{"id":4216,"date":"2023-11-19T10:01:14","date_gmt":"2023-11-19T10:01:14","guid":{"rendered":"https:\/\/malasmeigas.com\/?post_type=product&#038;p=4216"},"modified":"2023-11-19T10:05:45","modified_gmt":"2023-11-19T10:05:45","slug":"pendientes-lauburu-acero","status":"publish","type":"product","link":"https:\/\/malasmeigas.com\/?product=pendientes-lauburu-acero","title":{"rendered":"Pendientes Lauburu Acero"},"content":{"rendered":"<p>Pendientes de acero inoxidable dise\u00f1o Lauburu.<br \/>\nTama\u00f1o pendientes redondos: 12 mm<br \/>\nTama\u00f1o pendientes recortados: 10 mm<br \/>\nTraducido literalmente como cuatro cabezas (lau= cuatro y buru=cabeza), el lauburu es un s\u00edmbolo mitol\u00f3gico antiqu\u00edsimo que representa al sol. Un astro en movimiento, en forma de h\u00e9lice, con formas curvil\u00edneas.<br \/>\nEl material es\u00a0 acero inoxidable\u00a0 por lo que garantiza que no cambia su color ni mancha la piel, adem\u00e1s, es hipoalerg\u00e9nico.<\/p>\n","protected":false},"excerpt":{"rendered":"<p>Pendientes de acero inoxidable dise\u00f1o Lauburu. Tama\u00f1o pendientes redondos: 12  [&#8230;]<\/p>\n","protected":false},"featured_media":4212,"comment_status":"open","ping_status":"closed","template":"","meta":[],"product_brand":[],"product_cat":[160,301,57],"product_tag":[105,893,66,918,919,921,924,923,925,229,119],"class_list":{"0":"post-4216","1":"product","2":"type-product","3":"status-publish","4":"has-post-thumbnail","6":"product_cat-acero","7":"product_cat-artesania","8":"product_cat-pendientes-acero","9":"product_tag-acero","10":"product_tag-acero-inoxidable","11":"product_tag-lauburu","12":"product_tag-lauburu-acero","13":"product_tag-lauburu-pendientes","14":"product_tag-lauburu-vasco","15":"product_tag-pendientes-acero-lauburu","16":"product_tag-pendientes-lauburu","17":"product_tag-pendientes-vascos","18":"product_tag-simbolo-vasco","19":"product_tag-simbolos-celtas","21":"first","22":"instock","23":"taxable","24":"shipping-taxable","25":"purchasable","26":"product-type-variable"},"_links":{"self":[{"href":"https:\/\/malasmeigas.com\/index.php?rest_route=\/wp\/v2\/product\/4216","targetHints":{"allow":["GET"]}}],"collection":[{"href":"https:\/\/malasmeigas.com\/index.php?rest_route=\/wp\/v2\/product"}],"about":[{"href":"https:\/\/malasmeigas.com\/index.php?rest_route=\/wp\/v2\/types\/product"}],"replies":[{"embeddable":true,"href":"https:\/\/malasmeigas.com\/index.php?rest_route=%2Fwp%2Fv2%2Fcomments&post=4216"}],"wp:featuredmedia":[{"embeddable":true,"href":"https:\/\/malasmeigas.com\/index.php?rest_route=\/wp\/v2\/media\/4212"}],"wp:attachment":[{"href":"https:\/\/malasmeigas.com\/index.php?rest_route=%2Fwp%2Fv2%2Fmedia&parent=4216"}],"wp:term":[{"taxonomy":"product_brand","embeddable":true,"href":"https:\/\/malasmeigas.com\/index.php?rest_route=%2Fwp%2Fv2%2Fproduct_brand&post=4216"},{"taxonomy":"product_cat","embeddable":true,"href":"https:\/\/malasmeigas.com\/index.php?rest_route=%2Fwp%2Fv2%2Fproduct_cat&post=4216"},{"taxonomy":"product_tag","embeddable":true,"href":"https:\/\/malasmeigas.com\/index.php?rest_route=%2Fwp%2Fv2%2Fproduct_tag&post=4216"}],"curies":[{"name":"wp","href":"https:\/\/api.w.org\/{rel}","templated":true}]}}