{"id":4220,"date":"2023-11-19T15:47:59","date_gmt":"2023-11-19T15:47:59","guid":{"rendered":"https:\/\/malasmeigas.com\/?post_type=product&#038;p=4220"},"modified":"2023-11-19T15:47:59","modified_gmt":"2023-11-19T15:47:59","slug":"pulsera-apostol-peregrino-de-acero-y-macrame","status":"publish","type":"product","link":"https:\/\/malasmeigas.com\/?product=pulsera-apostol-peregrino-de-acero-y-macrame","title":{"rendered":"Pulsera Ap\u00f3stol Peregrino de acero y macram\u00e9"},"content":{"rendered":"<p>Pulsera de acero inoxidable , dise\u00f1o Ap\u00f3stol Peregrino. Pulsera Macram\u00e9 regulable en medida.<br \/>\nTama\u00f1o Pieza Ap\u00f3stol : 23 mm<br \/>\nAp\u00f3stol Peregrino, con bord\u00f3n , sombrero con concha y cruz de Santiago , dise\u00f1o moderno y original.<br \/>\nEl material es\u00a0 acero inoxidable\u00a0 por lo que garantiza que no cambia su color ni mancha la piel, adem\u00e1s, es hipoalerg\u00e9nico.<\/p>\n","protected":false},"excerpt":{"rendered":"<p>Pulsera de acero inoxidable , dise\u00f1o Ap\u00f3stol Peregrino. Pulsera Macram\u00e9  [&#8230;]<\/p>\n","protected":false},"featured_media":4228,"comment_status":"open","ping_status":"closed","template":"","meta":[],"product_brand":[],"product_cat":[160,301,860],"product_tag":[44,161,376,926,576,577,928,927],"class_list":{"0":"post-4220","1":"product","2":"type-product","3":"status-publish","4":"has-post-thumbnail","6":"product_cat-acero","7":"product_cat-artesania","8":"product_cat-pulseras-acero","9":"product_tag-camino-de-santiago","10":"product_tag-pulsera-acero","11":"product_tag-pulsera-ajustable","12":"product_tag-pulsera-apostol","13":"product_tag-pulsera-camino-de-santiago","14":"product_tag-pulsera-macrame","15":"product_tag-pulsera-peregrina","16":"product_tag-pulsera-peregrino","17":"pa_color-azulon","18":"pa_color-negro","19":"pa_color-rojo","20":"pa_color-rosa","22":"first","23":"instock","24":"taxable","25":"shipping-taxable","26":"purchasable","27":"product-type-variable"},"_links":{"self":[{"href":"https:\/\/malasmeigas.com\/index.php?rest_route=\/wp\/v2\/product\/4220","targetHints":{"allow":["GET"]}}],"collection":[{"href":"https:\/\/malasmeigas.com\/index.php?rest_route=\/wp\/v2\/product"}],"about":[{"href":"https:\/\/malasmeigas.com\/index.php?rest_route=\/wp\/v2\/types\/product"}],"replies":[{"embeddable":true,"href":"https:\/\/malasmeigas.com\/index.php?rest_route=%2Fwp%2Fv2%2Fcomments&post=4220"}],"wp:featuredmedia":[{"embeddable":true,"href":"https:\/\/malasmeigas.com\/index.php?rest_route=\/wp\/v2\/media\/4228"}],"wp:attachment":[{"href":"https:\/\/malasmeigas.com\/index.php?rest_route=%2Fwp%2Fv2%2Fmedia&parent=4220"}],"wp:term":[{"taxonomy":"product_brand","embeddable":true,"href":"https:\/\/malasmeigas.com\/index.php?rest_route=%2Fwp%2Fv2%2Fproduct_brand&post=4220"},{"taxonomy":"product_cat","embeddable":true,"href":"https:\/\/malasmeigas.com\/index.php?rest_route=%2Fwp%2Fv2%2Fproduct_cat&post=4220"},{"taxonomy":"product_tag","embeddable":true,"href":"https:\/\/malasmeigas.com\/index.php?rest_route=%2Fwp%2Fv2%2Fproduct_tag&post=4220"}],"curies":[{"name":"wp","href":"https:\/\/api.w.org\/{rel}","templated":true}]}}