{"id":4231,"date":"2023-11-19T15:48:48","date_gmt":"2023-11-19T15:48:48","guid":{"rendered":"https:\/\/malasmeigas.com\/?post_type=product&#038;p=4231"},"modified":"2023-11-19T16:05:01","modified_gmt":"2023-11-19T16:05:01","slug":"pulsera-apostol-peregrino-de-acero-y-antelina","status":"publish","type":"product","link":"https:\/\/malasmeigas.com\/?product=pulsera-apostol-peregrino-de-acero-y-antelina","title":{"rendered":"Pulsera Ap\u00f3stol Peregrino de acero y antelina"},"content":{"rendered":"<p>Pulsera de acero inoxidable y antelina\u00a0 , dise\u00f1o Ap\u00f3stol Peregrino. Pulsera regulable en medida. Bolas zamak ba\u00f1adas en plata.<br \/>\nTama\u00f1o Pieza Ap\u00f3stol : 23 mm<br \/>\nAp\u00f3stol Peregrino, con bord\u00f3n , sombrero con concha y cruz de Santiago , dise\u00f1o moderno y original.<br \/>\nEl material es\u00a0 acero inoxidable\u00a0 por lo que garantiza que no cambia su color ni mancha la piel, adem\u00e1s, es hipoalerg\u00e9nico.<\/p>\n","protected":false},"excerpt":{"rendered":"<p>Pulsera de acero inoxidable y antelina\u00a0 , dise\u00f1o Ap\u00f3stol Peregrino.  [&#8230;]<\/p>\n","protected":false},"featured_media":4245,"comment_status":"open","ping_status":"closed","template":"","meta":[],"product_brand":[],"product_cat":[160,301,860],"product_tag":[44,161,376,926,576,928,927],"class_list":{"0":"post-4231","1":"product","2":"type-product","3":"status-publish","4":"has-post-thumbnail","6":"product_cat-acero","7":"product_cat-artesania","8":"product_cat-pulseras-acero","9":"product_tag-camino-de-santiago","10":"product_tag-pulsera-acero","11":"product_tag-pulsera-ajustable","12":"product_tag-pulsera-apostol","13":"product_tag-pulsera-camino-de-santiago","14":"product_tag-pulsera-peregrina","15":"product_tag-pulsera-peregrino","16":"pa_color-azul-claro","17":"pa_color-lila","18":"pa_color-naranja","19":"pa_color-negro","20":"pa_color-rojo","21":"pa_color-rosa","22":"pa_color-verde","24":"first","25":"instock","26":"taxable","27":"shipping-taxable","28":"purchasable","29":"product-type-variable"},"_links":{"self":[{"href":"https:\/\/malasmeigas.com\/index.php?rest_route=\/wp\/v2\/product\/4231","targetHints":{"allow":["GET"]}}],"collection":[{"href":"https:\/\/malasmeigas.com\/index.php?rest_route=\/wp\/v2\/product"}],"about":[{"href":"https:\/\/malasmeigas.com\/index.php?rest_route=\/wp\/v2\/types\/product"}],"replies":[{"embeddable":true,"href":"https:\/\/malasmeigas.com\/index.php?rest_route=%2Fwp%2Fv2%2Fcomments&post=4231"}],"wp:featuredmedia":[{"embeddable":true,"href":"https:\/\/malasmeigas.com\/index.php?rest_route=\/wp\/v2\/media\/4245"}],"wp:attachment":[{"href":"https:\/\/malasmeigas.com\/index.php?rest_route=%2Fwp%2Fv2%2Fmedia&parent=4231"}],"wp:term":[{"taxonomy":"product_brand","embeddable":true,"href":"https:\/\/malasmeigas.com\/index.php?rest_route=%2Fwp%2Fv2%2Fproduct_brand&post=4231"},{"taxonomy":"product_cat","embeddable":true,"href":"https:\/\/malasmeigas.com\/index.php?rest_route=%2Fwp%2Fv2%2Fproduct_cat&post=4231"},{"taxonomy":"product_tag","embeddable":true,"href":"https:\/\/malasmeigas.com\/index.php?rest_route=%2Fwp%2Fv2%2Fproduct_tag&post=4231"}],"curies":[{"name":"wp","href":"https:\/\/api.w.org\/{rel}","templated":true}]}}