{"id":4249,"date":"2023-11-19T16:05:40","date_gmt":"2023-11-19T16:05:40","guid":{"rendered":"https:\/\/malasmeigas.com\/?post_type=product&#038;p=4249"},"modified":"2023-11-19T16:14:23","modified_gmt":"2023-11-19T16:14:23","slug":"pulsera-lauburu-de-acero-y-antelina","status":"publish","type":"product","link":"https:\/\/malasmeigas.com\/?product=pulsera-lauburu-de-acero-y-antelina","title":{"rendered":"Pulsera Lauburu de Acero y antelina"},"content":{"rendered":"<p>Pulsera de acero inoxidable y antelina \u00a0dise\u00f1o Lauburu. cierre regulable en tama\u00f1o y bolas de zamak ba\u00f1adas en plata<br \/>\nTama\u00f1o Lauburu : 19 mm<br \/>\nTraducido literalmente como cuatro cabezas (lau= cuatro y buru=cabeza), el lauburu es un s\u00edmbolo mitol\u00f3gico antiqu\u00edsimo que representa al sol. Un astro en movimiento, en forma de h\u00e9lice, con formas curvil\u00edneas.<br \/>\nEl material es\u00a0 acero inoxidable\u00a0 por lo que garantiza que no cambia su color ni mancha la piel, adem\u00e1s, es hipoalerg\u00e9nico.<\/p>\n","protected":false},"excerpt":{"rendered":"<p>Pulsera de acero inoxidable y antelina \u00a0dise\u00f1o Lauburu. cierre regulable  [&#8230;]<\/p>\n","protected":false},"featured_media":4259,"comment_status":"open","ping_status":"closed","template":"","meta":[],"product_brand":[],"product_cat":[160,301,860],"product_tag":[143,144,66,918,921,161,376,930,641],"class_list":{"0":"post-4249","1":"product","2":"type-product","3":"status-publish","4":"has-post-thumbnail","6":"product_cat-acero","7":"product_cat-artesania","8":"product_cat-pulseras-acero","9":"product_tag-euskadi","10":"product_tag-euskalerria","11":"product_tag-lauburu","12":"product_tag-lauburu-acero","13":"product_tag-lauburu-vasco","14":"product_tag-pulsera-acero","15":"product_tag-pulsera-ajustable","16":"product_tag-pulsera-lauburu","17":"product_tag-pulsera-vasca","18":"pa_color-lila","19":"pa_color-negro","20":"pa_color-rojo","21":"pa_color-rosa","22":"pa_color-verde","24":"first","25":"instock","26":"taxable","27":"shipping-taxable","28":"purchasable","29":"product-type-variable"},"_links":{"self":[{"href":"https:\/\/malasmeigas.com\/index.php?rest_route=\/wp\/v2\/product\/4249","targetHints":{"allow":["GET"]}}],"collection":[{"href":"https:\/\/malasmeigas.com\/index.php?rest_route=\/wp\/v2\/product"}],"about":[{"href":"https:\/\/malasmeigas.com\/index.php?rest_route=\/wp\/v2\/types\/product"}],"replies":[{"embeddable":true,"href":"https:\/\/malasmeigas.com\/index.php?rest_route=%2Fwp%2Fv2%2Fcomments&post=4249"}],"wp:featuredmedia":[{"embeddable":true,"href":"https:\/\/malasmeigas.com\/index.php?rest_route=\/wp\/v2\/media\/4259"}],"wp:attachment":[{"href":"https:\/\/malasmeigas.com\/index.php?rest_route=%2Fwp%2Fv2%2Fmedia&parent=4249"}],"wp:term":[{"taxonomy":"product_brand","embeddable":true,"href":"https:\/\/malasmeigas.com\/index.php?rest_route=%2Fwp%2Fv2%2Fproduct_brand&post=4249"},{"taxonomy":"product_cat","embeddable":true,"href":"https:\/\/malasmeigas.com\/index.php?rest_route=%2Fwp%2Fv2%2Fproduct_cat&post=4249"},{"taxonomy":"product_tag","embeddable":true,"href":"https:\/\/malasmeigas.com\/index.php?rest_route=%2Fwp%2Fv2%2Fproduct_tag&post=4249"}],"curies":[{"name":"wp","href":"https:\/\/api.w.org\/{rel}","templated":true}]}}