{"id":4263,"date":"2023-11-19T16:15:42","date_gmt":"2023-11-19T16:15:42","guid":{"rendered":"https:\/\/malasmeigas.com\/?post_type=product&#038;p=4263"},"modified":"2023-11-19T16:26:21","modified_gmt":"2023-11-19T16:26:21","slug":"conjunto-apostol-peregrino-de-acero","status":"publish","type":"product","link":"https:\/\/malasmeigas.com\/?product=conjunto-apostol-peregrino-de-acero","title":{"rendered":"Conjunto Ap\u00f3stol Peregrino de acero"},"content":{"rendered":"<p>Conjunto de acero inoxidable\u00a0dise\u00f1o Ap\u00f3stol Peregrino.<br \/>\nTama\u00f1o Colgante : 23 mm<br \/>\nTama\u00f1o cadena : 45 cm<br \/>\nTama\u00f1o pendientes : 16 mm<br \/>\nAp\u00f3stol Peregrino, con bord\u00f3n , sombrero con concha y cruz de Santiago , dise\u00f1o moderno y original.<br \/>\nEl material es\u00a0 acero inoxidable\u00a0 por lo que garantiza que no cambia su color ni mancha la piel, adem\u00e1s, es hipoalerg\u00e9nico.<\/p>\n","protected":false},"excerpt":{"rendered":"<p>Conjunto de acero inoxidable\u00a0dise\u00f1o Ap\u00f3stol Peregrino. Tama\u00f1o Colgante : 23  [&#8230;]<\/p>\n","protected":false},"featured_media":4274,"comment_status":"open","ping_status":"closed","template":"","meta":[],"product_brand":[],"product_cat":[160,301,10,535,57],"product_tag":[44,931,934,935,332,932,579,933],"class_list":{"0":"post-4263","1":"product","2":"type-product","3":"status-publish","4":"has-post-thumbnail","6":"product_cat-acero","7":"product_cat-artesania","8":"product_cat-colgantes-acero","9":"product_cat-conjuntos-acero","10":"product_cat-pendientes-acero","11":"product_tag-camino-de-santiago","12":"product_tag-colgante-apostol-acero","13":"product_tag-colgante-peregrino","14":"product_tag-colgantes-camino-de-santiago","15":"product_tag-cruz-de-santiago","16":"product_tag-pendientes-apostol-acero","17":"product_tag-pendientes-camino-de-santiago","18":"product_tag-pendientes-peregrino","20":"first","21":"instock","22":"taxable","23":"shipping-taxable","24":"purchasable","25":"product-type-variable"},"_links":{"self":[{"href":"https:\/\/malasmeigas.com\/index.php?rest_route=\/wp\/v2\/product\/4263","targetHints":{"allow":["GET"]}}],"collection":[{"href":"https:\/\/malasmeigas.com\/index.php?rest_route=\/wp\/v2\/product"}],"about":[{"href":"https:\/\/malasmeigas.com\/index.php?rest_route=\/wp\/v2\/types\/product"}],"replies":[{"embeddable":true,"href":"https:\/\/malasmeigas.com\/index.php?rest_route=%2Fwp%2Fv2%2Fcomments&post=4263"}],"wp:featuredmedia":[{"embeddable":true,"href":"https:\/\/malasmeigas.com\/index.php?rest_route=\/wp\/v2\/media\/4274"}],"wp:attachment":[{"href":"https:\/\/malasmeigas.com\/index.php?rest_route=%2Fwp%2Fv2%2Fmedia&parent=4263"}],"wp:term":[{"taxonomy":"product_brand","embeddable":true,"href":"https:\/\/malasmeigas.com\/index.php?rest_route=%2Fwp%2Fv2%2Fproduct_brand&post=4263"},{"taxonomy":"product_cat","embeddable":true,"href":"https:\/\/malasmeigas.com\/index.php?rest_route=%2Fwp%2Fv2%2Fproduct_cat&post=4263"},{"taxonomy":"product_tag","embeddable":true,"href":"https:\/\/malasmeigas.com\/index.php?rest_route=%2Fwp%2Fv2%2Fproduct_tag&post=4263"}],"curies":[{"name":"wp","href":"https:\/\/api.w.org\/{rel}","templated":true}]}}