{"id":4291,"date":"2023-11-28T17:59:17","date_gmt":"2023-11-28T17:59:17","guid":{"rendered":"https:\/\/malasmeigas.com\/?post_type=product&#038;p=4291"},"modified":"2023-11-28T17:59:17","modified_gmt":"2023-11-28T17:59:17","slug":"iman-madera-estela-cantabra","status":"publish","type":"product","link":"https:\/\/malasmeigas.com\/?product=iman-madera-estela-cantabra","title":{"rendered":"Im\u00e1n madera Estela C\u00e1ntabra"},"content":{"rendered":"<p>Im\u00e1n en Madera Barnizada medidas 41 x 41 x 3 mm<\/p>\n<p>S\u00edmbolo: Estela de Barros.<\/p>\n<p>Las <b>estelas c\u00e1ntabras<\/b> son discos de piedra monol\u00edticos de diferentes dimensiones, cuyos primeros ejemplares fueron tallados en los siglos previos a la romanizaci\u00f3n de Cantabria.\u00a0 \u00a0 \u00a0 \u00a0 \u00a0 \u00a0 \u00a0 \u00a0 \u00a0 \u00a0 \u00a0 \u00a0 \u00a0 \u00a0 \u00a0 \u00a0 \u00a0 \u00a0 \u00a0 \u00a0 \u00a0 \u00a0 La m\u00e1s famosa es la llamada Estela de Barros<i><\/i>\u00a0la cual puede verse en el\u00a0<i>Parque de Las Estelas<\/i> de la localidad de Barros.<\/p>\n","protected":false},"excerpt":{"rendered":"<p>Im\u00e1n en Madera Barnizada medidas 41 x 41 x 3  [&#8230;]<\/p>\n","protected":false},"featured_media":4298,"comment_status":"open","ping_status":"closed","template":"","meta":[],"product_brand":[],"product_cat":[936,11],"product_tag":[93,228,937,939,938,211,940,941,942],"class_list":{"0":"post-4291","1":"product","2":"type-product","3":"status-publish","4":"has-post-thumbnail","6":"product_cat-cantabria","7":"product_cat-imanes-madera","8":"product_tag-cantabria","9":"product_tag-estela-cantabra","10":"product_tag-estela-de-barros","11":"product_tag-imanes-cantabria","12":"product_tag-imanes-estela-cantabra","13":"product_tag-imanes-madera","14":"product_tag-imanes-santander","15":"product_tag-recuerdo-santander","16":"product_tag-santander","18":"first","19":"instock","20":"taxable","21":"shipping-taxable","22":"purchasable","23":"product-type-variable"},"_links":{"self":[{"href":"https:\/\/malasmeigas.com\/index.php?rest_route=\/wp\/v2\/product\/4291","targetHints":{"allow":["GET"]}}],"collection":[{"href":"https:\/\/malasmeigas.com\/index.php?rest_route=\/wp\/v2\/product"}],"about":[{"href":"https:\/\/malasmeigas.com\/index.php?rest_route=\/wp\/v2\/types\/product"}],"replies":[{"embeddable":true,"href":"https:\/\/malasmeigas.com\/index.php?rest_route=%2Fwp%2Fv2%2Fcomments&post=4291"}],"wp:featuredmedia":[{"embeddable":true,"href":"https:\/\/malasmeigas.com\/index.php?rest_route=\/wp\/v2\/media\/4298"}],"wp:attachment":[{"href":"https:\/\/malasmeigas.com\/index.php?rest_route=%2Fwp%2Fv2%2Fmedia&parent=4291"}],"wp:term":[{"taxonomy":"product_brand","embeddable":true,"href":"https:\/\/malasmeigas.com\/index.php?rest_route=%2Fwp%2Fv2%2Fproduct_brand&post=4291"},{"taxonomy":"product_cat","embeddable":true,"href":"https:\/\/malasmeigas.com\/index.php?rest_route=%2Fwp%2Fv2%2Fproduct_cat&post=4291"},{"taxonomy":"product_tag","embeddable":true,"href":"https:\/\/malasmeigas.com\/index.php?rest_route=%2Fwp%2Fv2%2Fproduct_tag&post=4291"}],"curies":[{"name":"wp","href":"https:\/\/api.w.org\/{rel}","templated":true}]}}