{"id":4355,"date":"2023-11-29T19:57:30","date_gmt":"2023-11-29T19:57:30","guid":{"rendered":"https:\/\/malasmeigas.com\/?post_type=product&#038;p=4355"},"modified":"2026-02-15T10:47:35","modified_gmt":"2026-02-15T10:47:35","slug":"pulsera-eguzkilore","status":"publish","type":"product","link":"https:\/\/malasmeigas.com\/?product=pulsera-eguzkilore","title":{"rendered":"Pulsera Eguzkilore"},"content":{"rendered":"<p>Pulsera de zamak\u00a0y antelina, dise\u00f1o Eguzkilore. Pulsera regulable en medida con bolas de zamak ba\u00f1adas en plata.<br \/>\nTama\u00f1o Pieza Eguzkilore : 13 mm<br \/>\nEguzkilorea, es la flor seca del cardo silvestre Carlina acaulis. S\u00edmbolo tradicional que se coloca en la puerta de entrada de los caser\u00edos del Pa\u00eds Vasco como una representaci\u00f3n del sol. Este ahuyenta e impide la entrada a los malos esp\u00edritus.<\/p>\n","protected":false},"excerpt":{"rendered":"<p>Pulsera de zamak\u00a0y antelina, dise\u00f1o Eguzkilore. Pulsera regulable en medida  [&#8230;]<\/p>\n","protected":false},"featured_media":4368,"comment_status":"open","ping_status":"closed","template":"","meta":[],"product_brand":[],"product_cat":[12,115],"product_tag":[628,630,944,945,943,143,144,946,640,637,229],"class_list":{"0":"post-4355","1":"product","2":"type-product","3":"status-publish","4":"has-post-thumbnail","6":"product_cat-pulseras","7":"product_cat-pulseras-antelina","8":"product_tag-eguzkilore","9":"product_tag-eguzkilore-bisuteria","10":"product_tag-eguzkilore-euskadi","11":"product_tag-eguzkilore-proteccion","12":"product_tag-eguzkilore-vasco","13":"product_tag-euskadi","14":"product_tag-euskalerria","15":"product_tag-protector-vasco","16":"product_tag-pulsera-eguzkilore","17":"product_tag-simbolo-protector-vasco","18":"product_tag-simbolo-vasco","19":"pa_color-azul-claro","20":"pa_color-azulon","21":"pa_color-fucsia","22":"pa_color-lila","23":"pa_color-naranja","24":"pa_color-negro","25":"pa_color-rojo","26":"pa_color-rosa","27":"pa_color-verde","29":"first","30":"instock","31":"taxable","32":"shipping-taxable","33":"purchasable","34":"product-type-variable"},"_links":{"self":[{"href":"https:\/\/malasmeigas.com\/index.php?rest_route=\/wp\/v2\/product\/4355","targetHints":{"allow":["GET"]}}],"collection":[{"href":"https:\/\/malasmeigas.com\/index.php?rest_route=\/wp\/v2\/product"}],"about":[{"href":"https:\/\/malasmeigas.com\/index.php?rest_route=\/wp\/v2\/types\/product"}],"replies":[{"embeddable":true,"href":"https:\/\/malasmeigas.com\/index.php?rest_route=%2Fwp%2Fv2%2Fcomments&post=4355"}],"wp:featuredmedia":[{"embeddable":true,"href":"https:\/\/malasmeigas.com\/index.php?rest_route=\/wp\/v2\/media\/4368"}],"wp:attachment":[{"href":"https:\/\/malasmeigas.com\/index.php?rest_route=%2Fwp%2Fv2%2Fmedia&parent=4355"}],"wp:term":[{"taxonomy":"product_brand","embeddable":true,"href":"https:\/\/malasmeigas.com\/index.php?rest_route=%2Fwp%2Fv2%2Fproduct_brand&post=4355"},{"taxonomy":"product_cat","embeddable":true,"href":"https:\/\/malasmeigas.com\/index.php?rest_route=%2Fwp%2Fv2%2Fproduct_cat&post=4355"},{"taxonomy":"product_tag","embeddable":true,"href":"https:\/\/malasmeigas.com\/index.php?rest_route=%2Fwp%2Fv2%2Fproduct_tag&post=4355"}],"curies":[{"name":"wp","href":"https:\/\/api.w.org\/{rel}","templated":true}]}}