{"id":4586,"date":"2023-12-09T19:14:29","date_gmt":"2023-12-09T19:14:29","guid":{"rendered":"https:\/\/malasmeigas.com\/?post_type=product&#038;p=4586"},"modified":"2023-12-12T16:57:31","modified_gmt":"2023-12-12T16:57:31","slug":"colgante-o-llavero-corazon-acero","status":"publish","type":"product","link":"https:\/\/malasmeigas.com\/?product=colgante-o-llavero-corazon-acero","title":{"rendered":"Colgante o Llavero Coraz\u00f3n Acero"},"content":{"rendered":"<p>Colgante o Llavero en Acero Forma Coraz\u00f3n grabado con L\u00e1ser . Posibilidad en la parte trasera grabar nombres , fechas o un mensaje.<br \/>\nColgante: 34 x 37 mm<br \/>\nCadena: 45 cm<br \/>\nLlavero : 34 x 37 mm<\/p>\n<p>&nbsp;<\/p>\n","protected":false},"excerpt":{"rendered":"<p>Colgante o Llavero en Acero Forma Coraz\u00f3n grabado con L\u00e1ser  [&#8230;]<\/p>\n","protected":false},"featured_media":4589,"comment_status":"open","ping_status":"closed","template":"","meta":[],"product_brand":[],"product_cat":[160,10,974],"product_tag":[834,184,988,972,991,990,992,989,995,994,996,981,993,833],"class_list":{"0":"post-4586","1":"product","2":"type-product","3":"status-publish","4":"has-post-thumbnail","6":"product_cat-acero","7":"product_cat-colgantes-acero","8":"product_cat-llavero-acero","9":"product_tag-amor","10":"product_tag-colgante-acero","11":"product_tag-colgante-corazon","12":"product_tag-colgante-personalizado","13":"product_tag-corazon-amor","14":"product_tag-corazon-personalizado","15":"product_tag-enamorado","16":"product_tag-forma-corazon","17":"product_tag-llavero-amor","18":"product_tag-llavero-corazon","19":"product_tag-llavero-san-valentin","20":"product_tag-personalizacion","21":"product_tag-regalo-enamorados","22":"product_tag-san-valentin","23":"pa_modelo-colgante","24":"pa_modelo-llavero","26":"first","27":"instock","28":"taxable","29":"shipping-taxable","30":"purchasable","31":"product-type-variable"},"_links":{"self":[{"href":"https:\/\/malasmeigas.com\/index.php?rest_route=\/wp\/v2\/product\/4586","targetHints":{"allow":["GET"]}}],"collection":[{"href":"https:\/\/malasmeigas.com\/index.php?rest_route=\/wp\/v2\/product"}],"about":[{"href":"https:\/\/malasmeigas.com\/index.php?rest_route=\/wp\/v2\/types\/product"}],"replies":[{"embeddable":true,"href":"https:\/\/malasmeigas.com\/index.php?rest_route=%2Fwp%2Fv2%2Fcomments&post=4586"}],"wp:featuredmedia":[{"embeddable":true,"href":"https:\/\/malasmeigas.com\/index.php?rest_route=\/wp\/v2\/media\/4589"}],"wp:attachment":[{"href":"https:\/\/malasmeigas.com\/index.php?rest_route=%2Fwp%2Fv2%2Fmedia&parent=4586"}],"wp:term":[{"taxonomy":"product_brand","embeddable":true,"href":"https:\/\/malasmeigas.com\/index.php?rest_route=%2Fwp%2Fv2%2Fproduct_brand&post=4586"},{"taxonomy":"product_cat","embeddable":true,"href":"https:\/\/malasmeigas.com\/index.php?rest_route=%2Fwp%2Fv2%2Fproduct_cat&post=4586"},{"taxonomy":"product_tag","embeddable":true,"href":"https:\/\/malasmeigas.com\/index.php?rest_route=%2Fwp%2Fv2%2Fproduct_tag&post=4586"}],"curies":[{"name":"wp","href":"https:\/\/api.w.org\/{rel}","templated":true}]}}