{"id":4766,"date":"2024-01-08T09:55:00","date_gmt":"2024-01-08T09:55:00","guid":{"rendered":"https:\/\/malasmeigas.com\/?post_type=product&#038;p=4766"},"modified":"2024-01-08T10:24:37","modified_gmt":"2024-01-08T10:24:37","slug":"pulsera-estela-cantabra-acero-y-macrame","status":"publish","type":"product","link":"https:\/\/malasmeigas.com\/?product=pulsera-estela-cantabra-acero-y-macrame","title":{"rendered":"Pulsera Estela C\u00e1ntabra  Acero y Macram\u00e9"},"content":{"rendered":"<p>Pulsera Estelas C\u00e1ntabras en acero pieza 18 mm y macram\u00e9 en varios colores a elegir.<\/p>\n<p>El acero inoxidable \u00a0garantiza que no cambia su color ni mancha la piel, adem\u00e1s, es hipoalerg\u00e9nico.<\/p>\n<p>&nbsp;<\/p>\n","protected":false},"excerpt":{"rendered":"<p>Pulsera Estelas C\u00e1ntabras en acero pieza 18 mm y macram\u00e9  [&#8230;]<\/p>\n","protected":false},"featured_media":4817,"comment_status":"open","ping_status":"closed","template":"","meta":[],"product_brand":[],"product_cat":[160,936,12,860],"product_tag":[93,720,228,161,1040,1038,1039,1007,941,942,1037],"class_list":{"0":"post-4766","1":"product","2":"type-product","3":"status-publish","4":"has-post-thumbnail","6":"product_cat-acero","7":"product_cat-cantabria","8":"product_cat-pulseras","9":"product_cat-pulseras-acero","10":"product_tag-cantabria","11":"product_tag-estela-barros","12":"product_tag-estela-cantabra","13":"product_tag-pulsera-acero","14":"product_tag-pulsera-cantabria","15":"product_tag-pulsera-estela-cantabra","16":"product_tag-pulsera-santander","17":"product_tag-recuerdo-cantabria","18":"product_tag-recuerdo-santander","19":"product_tag-santander","20":"product_tag-simbolos-cantabria","21":"pa_color-azulon","22":"pa_color-lila","23":"pa_color-lila-oscuro","24":"pa_color-negro","25":"pa_color-rojo","27":"first","28":"instock","29":"taxable","30":"shipping-taxable","31":"purchasable","32":"product-type-variable"},"_links":{"self":[{"href":"https:\/\/malasmeigas.com\/index.php?rest_route=\/wp\/v2\/product\/4766","targetHints":{"allow":["GET"]}}],"collection":[{"href":"https:\/\/malasmeigas.com\/index.php?rest_route=\/wp\/v2\/product"}],"about":[{"href":"https:\/\/malasmeigas.com\/index.php?rest_route=\/wp\/v2\/types\/product"}],"replies":[{"embeddable":true,"href":"https:\/\/malasmeigas.com\/index.php?rest_route=%2Fwp%2Fv2%2Fcomments&post=4766"}],"wp:featuredmedia":[{"embeddable":true,"href":"https:\/\/malasmeigas.com\/index.php?rest_route=\/wp\/v2\/media\/4817"}],"wp:attachment":[{"href":"https:\/\/malasmeigas.com\/index.php?rest_route=%2Fwp%2Fv2%2Fmedia&parent=4766"}],"wp:term":[{"taxonomy":"product_brand","embeddable":true,"href":"https:\/\/malasmeigas.com\/index.php?rest_route=%2Fwp%2Fv2%2Fproduct_brand&post=4766"},{"taxonomy":"product_cat","embeddable":true,"href":"https:\/\/malasmeigas.com\/index.php?rest_route=%2Fwp%2Fv2%2Fproduct_cat&post=4766"},{"taxonomy":"product_tag","embeddable":true,"href":"https:\/\/malasmeigas.com\/index.php?rest_route=%2Fwp%2Fv2%2Fproduct_tag&post=4766"}],"curies":[{"name":"wp","href":"https:\/\/api.w.org\/{rel}","templated":true}]}}