{"id":4947,"date":"2024-01-17T10:16:12","date_gmt":"2024-01-17T10:16:12","guid":{"rendered":"https:\/\/malasmeigas.com\/?post_type=product&#038;p=4947"},"modified":"2024-01-17T10:16:12","modified_gmt":"2024-01-17T10:16:12","slug":"pendientes-nudo-de-bruja-acero-y-circonitas","status":"publish","type":"product","link":"https:\/\/malasmeigas.com\/?product=pendientes-nudo-de-bruja-acero-y-circonitas","title":{"rendered":"Pendientes Nudo de Bruja Acero y Circonitas"},"content":{"rendered":"<p>Pendientes en acero con circonitas<\/p>\n<p>La circonita es una\u00a0<b>gema o piedra sint\u00e9tica derivada del \u00f3xido de circonio<\/b>.<\/p>\n<p>El material es\u00a0 acero inoxidable\u00a0 por lo que garantiza que no cambia su color ni mancha la piel, adem\u00e1s, es hipoalerg\u00e9nico.<\/p>\n<p>Medida Pendiente : 19 mm<\/p>\n<p>El Nudo de Bruja esconde un simbolismo profundo y complejo. Cada una de sus cuatro esquinas est\u00e1 vinculada a los principales elementos de la magia natural:\u00a0<b>agua, aire, tierra y fuego<\/b>. El centro del nudo representa el Tercer Ojo, s\u00edmbolo de la sabidur\u00eda y el despertar de la conciencia.<\/p>\n<p>Este enigm\u00e1tico amuleto no solo representa protecci\u00f3n, sino tambi\u00e9n la uni\u00f3n y vinculaci\u00f3n de todas las cosas en el universo. Es un\u00a0<b>emblema del divino femenino y la interdependencia de toda forma de vida<\/b>.<\/p>\n","protected":false},"excerpt":{"rendered":"<p>Pendientes en acero con circonitas La circonita es una\u00a0gema o  [&#8230;]<\/p>\n","protected":false},"featured_media":4953,"comment_status":"open","ping_status":"closed","template":"","meta":[],"product_brand":[],"product_cat":[160,57],"product_tag":[1046,1047,894,1045,171,1050,1049,1048,647],"class_list":{"0":"post-4947","1":"product","2":"type-product","3":"status-publish","4":"has-post-thumbnail","6":"product_cat-acero","7":"product_cat-pendientes-acero","8":"product_tag-amuleto","9":"product_tag-amuleto-protector","10":"product_tag-circonitas","11":"product_tag-nudo-de-bruja","12":"product_tag-pendientes-acero","13":"product_tag-pendientes-acero-y-circonitas","14":"product_tag-pendientes-amuleto","15":"product_tag-pendientes-nudo-de-bruja","16":"product_tag-proteccion","17":"pa_color-azul-claro","18":"pa_color-negro","19":"pa_color-rojo","21":"first","22":"instock","23":"taxable","24":"shipping-taxable","25":"purchasable","26":"product-type-variable"},"_links":{"self":[{"href":"https:\/\/malasmeigas.com\/index.php?rest_route=\/wp\/v2\/product\/4947","targetHints":{"allow":["GET"]}}],"collection":[{"href":"https:\/\/malasmeigas.com\/index.php?rest_route=\/wp\/v2\/product"}],"about":[{"href":"https:\/\/malasmeigas.com\/index.php?rest_route=\/wp\/v2\/types\/product"}],"replies":[{"embeddable":true,"href":"https:\/\/malasmeigas.com\/index.php?rest_route=%2Fwp%2Fv2%2Fcomments&post=4947"}],"wp:featuredmedia":[{"embeddable":true,"href":"https:\/\/malasmeigas.com\/index.php?rest_route=\/wp\/v2\/media\/4953"}],"wp:attachment":[{"href":"https:\/\/malasmeigas.com\/index.php?rest_route=%2Fwp%2Fv2%2Fmedia&parent=4947"}],"wp:term":[{"taxonomy":"product_brand","embeddable":true,"href":"https:\/\/malasmeigas.com\/index.php?rest_route=%2Fwp%2Fv2%2Fproduct_brand&post=4947"},{"taxonomy":"product_cat","embeddable":true,"href":"https:\/\/malasmeigas.com\/index.php?rest_route=%2Fwp%2Fv2%2Fproduct_cat&post=4947"},{"taxonomy":"product_tag","embeddable":true,"href":"https:\/\/malasmeigas.com\/index.php?rest_route=%2Fwp%2Fv2%2Fproduct_tag&post=4947"}],"curies":[{"name":"wp","href":"https:\/\/api.w.org\/{rel}","templated":true}]}}