{"id":4961,"date":"2024-01-17T10:22:46","date_gmt":"2024-01-17T10:22:46","guid":{"rendered":"https:\/\/malasmeigas.com\/?post_type=product&#038;p=4961"},"modified":"2026-02-15T10:47:34","modified_gmt":"2026-02-15T10:47:34","slug":"conjunto-nudo-de-bruja-acero-y-circonitas","status":"publish","type":"product","link":"https:\/\/malasmeigas.com\/?product=conjunto-nudo-de-bruja-acero-y-circonitas","title":{"rendered":"Conjunto Nudo de Bruja Acero y Circonitas"},"content":{"rendered":"<p>Conjunto en acero con circonitas<\/p>\n<p>La circonita es una\u00a0<b>gema o piedra sint\u00e9tica derivada del \u00f3xido de circonio<\/b>.<\/p>\n<p>El material es\u00a0 acero inoxidable\u00a0 por lo que garantiza que no cambia su color ni mancha la piel, adem\u00e1s, es hipoalerg\u00e9nico.<\/p>\n<p>Medida Colgante : 41 x 43\u00a0 mm<\/p>\n<p>Medida Cadena :\u00a0 45 cm<\/p>\n<p>Medida pendientes : 19 mm<\/p>\n<p>El Nudo de Bruja esconde un simbolismo profundo y complejo. Cada una de sus cuatro esquinas est\u00e1 vinculada a los principales elementos de la magia natural:\u00a0<b>agua, aire, tierra y fuego<\/b>. El centro del nudo representa el Tercer Ojo, s\u00edmbolo de la sabidur\u00eda y el despertar de la conciencia.<\/p>\n<p>Este enigm\u00e1tico amuleto no solo representa protecci\u00f3n, sino tambi\u00e9n la uni\u00f3n y vinculaci\u00f3n de todas las cosas en el universo. Es un\u00a0<b>emblema del divino femenino y la interdependencia de toda forma de vida<\/b>.<\/p>\n","protected":false},"excerpt":{"rendered":"<p>Conjunto en acero con circonitas La circonita es una\u00a0gema o  [&#8230;]<\/p>\n","protected":false},"featured_media":4967,"comment_status":"open","ping_status":"closed","template":"","meta":[],"product_brand":[],"product_cat":[160,535],"product_tag":[1046,1047,894,184,1052,1053,1051,888,1055,1054,1045,1048,647],"class_list":{"0":"post-4961","1":"product","2":"type-product","3":"status-publish","4":"has-post-thumbnail","6":"product_cat-acero","7":"product_cat-conjuntos-acero","8":"product_tag-amuleto","9":"product_tag-amuleto-protector","10":"product_tag-circonitas","11":"product_tag-colgante-acero","12":"product_tag-colgante-acero-nudo-de-bruja","13":"product_tag-colgante-amuleto","14":"product_tag-colgante-nudo-de-bruja","15":"product_tag-colgante-protector","16":"product_tag-conjunto-acero-y-circonitas","17":"product_tag-conjunto-nudo-de-bruja","18":"product_tag-nudo-de-bruja","19":"product_tag-pendientes-nudo-de-bruja","20":"product_tag-proteccion","21":"pa_color-azul-claro","22":"pa_color-negro","23":"pa_color-rojo","25":"first","26":"instock","27":"taxable","28":"shipping-taxable","29":"purchasable","30":"product-type-variable"},"_links":{"self":[{"href":"https:\/\/malasmeigas.com\/index.php?rest_route=\/wp\/v2\/product\/4961","targetHints":{"allow":["GET"]}}],"collection":[{"href":"https:\/\/malasmeigas.com\/index.php?rest_route=\/wp\/v2\/product"}],"about":[{"href":"https:\/\/malasmeigas.com\/index.php?rest_route=\/wp\/v2\/types\/product"}],"replies":[{"embeddable":true,"href":"https:\/\/malasmeigas.com\/index.php?rest_route=%2Fwp%2Fv2%2Fcomments&post=4961"}],"wp:featuredmedia":[{"embeddable":true,"href":"https:\/\/malasmeigas.com\/index.php?rest_route=\/wp\/v2\/media\/4967"}],"wp:attachment":[{"href":"https:\/\/malasmeigas.com\/index.php?rest_route=%2Fwp%2Fv2%2Fmedia&parent=4961"}],"wp:term":[{"taxonomy":"product_brand","embeddable":true,"href":"https:\/\/malasmeigas.com\/index.php?rest_route=%2Fwp%2Fv2%2Fproduct_brand&post=4961"},{"taxonomy":"product_cat","embeddable":true,"href":"https:\/\/malasmeigas.com\/index.php?rest_route=%2Fwp%2Fv2%2Fproduct_cat&post=4961"},{"taxonomy":"product_tag","embeddable":true,"href":"https:\/\/malasmeigas.com\/index.php?rest_route=%2Fwp%2Fv2%2Fproduct_tag&post=4961"}],"curies":[{"name":"wp","href":"https:\/\/api.w.org\/{rel}","templated":true}]}}