{"id":5092,"date":"2024-10-08T17:49:14","date_gmt":"2024-10-08T17:49:14","guid":{"rendered":"https:\/\/malasmeigas.com\/?post_type=product&#038;p=5092"},"modified":"2024-12-20T17:42:26","modified_gmt":"2024-12-20T17:42:26","slug":"pulsera-madera-xeitosina-xeitosino","status":"publish","type":"product","link":"https:\/\/malasmeigas.com\/?product=pulsera-madera-xeitosina-xeitosino","title":{"rendered":"Pulsera Xeitosi\u00f1a-Xeitosi\u00f1o en Madera"},"content":{"rendered":"<p>Pulsera Madera 37 x 8 x 3 mm , grabado l\u00e1ser , dise\u00f1o Xeitosi\u00f1a-Xeitosi\u00f1o.<\/p>\n<p>Antelina y bolas de zamak.\u00a0 Ajustable en medida.<\/p>\n<p>Posibilidad de personalizaci\u00f3n.<\/p>\n","protected":false},"excerpt":{"rendered":"<p>Pulsera Madera 37 x 8 x 3 mm , grabado  [&#8230;]<\/p>\n","protected":false},"featured_media":5105,"comment_status":"open","ping_status":"closed","template":"","meta":[],"product_brand":[],"product_cat":[12,115,865],"product_tag":[1066,1062,364,605,223,1072,1076,1064,1065,1069,1068,1067,1073,1075,1074],"class_list":{"0":"post-5092","1":"product","2":"type-product","3":"status-publish","4":"has-post-thumbnail","6":"product_cat-pulseras","7":"product_cat-pulseras-antelina","8":"product_cat-pulsera-madera","9":"product_tag-enxebre","10":"product_tag-galego","11":"product_tag-galicia","12":"product_tag-pulsera-galicia","13":"product_tag-pulsera-madera","14":"product_tag-pulsera-xeitosa","15":"product_tag-pulsera-xeitoso","16":"product_tag-pulseras-galegas","17":"product_tag-pulseras-gallegas","18":"product_tag-toxina","19":"product_tag-toxino","20":"product_tag-toxo","21":"product_tag-xeitosina","22":"product_tag-xeitosino","23":"product_tag-xeitoso","24":"pa_color-azul-claro","25":"pa_color-marron","26":"pa_color-marron-claro","27":"pa_color-rojo","28":"pa_color-rosa","30":"first","31":"instock","32":"taxable","33":"shipping-taxable","34":"purchasable","35":"product-type-variable"},"_links":{"self":[{"href":"https:\/\/malasmeigas.com\/index.php?rest_route=\/wp\/v2\/product\/5092","targetHints":{"allow":["GET"]}}],"collection":[{"href":"https:\/\/malasmeigas.com\/index.php?rest_route=\/wp\/v2\/product"}],"about":[{"href":"https:\/\/malasmeigas.com\/index.php?rest_route=\/wp\/v2\/types\/product"}],"replies":[{"embeddable":true,"href":"https:\/\/malasmeigas.com\/index.php?rest_route=%2Fwp%2Fv2%2Fcomments&post=5092"}],"wp:featuredmedia":[{"embeddable":true,"href":"https:\/\/malasmeigas.com\/index.php?rest_route=\/wp\/v2\/media\/5105"}],"wp:attachment":[{"href":"https:\/\/malasmeigas.com\/index.php?rest_route=%2Fwp%2Fv2%2Fmedia&parent=5092"}],"wp:term":[{"taxonomy":"product_brand","embeddable":true,"href":"https:\/\/malasmeigas.com\/index.php?rest_route=%2Fwp%2Fv2%2Fproduct_brand&post=5092"},{"taxonomy":"product_cat","embeddable":true,"href":"https:\/\/malasmeigas.com\/index.php?rest_route=%2Fwp%2Fv2%2Fproduct_cat&post=5092"},{"taxonomy":"product_tag","embeddable":true,"href":"https:\/\/malasmeigas.com\/index.php?rest_route=%2Fwp%2Fv2%2Fproduct_tag&post=5092"}],"curies":[{"name":"wp","href":"https:\/\/api.w.org\/{rel}","templated":true}]}}