{"id":5176,"date":"2024-10-08T18:22:49","date_gmt":"2024-10-08T18:22:49","guid":{"rendered":"https:\/\/malasmeigas.com\/?post_type=product&#038;p=5176"},"modified":"2024-12-20T17:39:44","modified_gmt":"2024-12-20T17:39:44","slug":"pulsera-madera-feitina-feitino","status":"publish","type":"product","link":"https:\/\/malasmeigas.com\/?product=pulsera-madera-feitina-feitino","title":{"rendered":"Pulsera Feiti\u00f1a-Feiti\u00f1o en Madera"},"content":{"rendered":"<p>Pulsera Madera 37 x 8 x 3 mm , grabado l\u00e1ser , dise\u00f1o Feiti\u00f1a-Feiti\u00f1o.<\/p>\n<p>Antelina y bolas de zamak.\u00a0 Ajustable en medida.<\/p>\n<p>Posibilidad de personalizaci\u00f3n.<\/p>\n","protected":false},"excerpt":{"rendered":"<p>Pulsera Madera 37 x 8 x 3 mm , grabado  [&#8230;]<\/p>\n","protected":false},"featured_media":5195,"comment_status":"open","ping_status":"closed","template":"","meta":[],"product_brand":[],"product_cat":[12,115,865],"product_tag":[1088,992,1066,1089,1090,1062,364,1086,1091,1092,605,223,1077,1078,1064,1065,1084,1083],"class_list":{"0":"post-5176","1":"product","2":"type-product","3":"status-publish","4":"has-post-thumbnail","6":"product_cat-pulseras","7":"product_cat-pulseras-antelina","8":"product_cat-pulsera-madera","9":"product_tag-empoderada","10":"product_tag-enamorado","11":"product_tag-enxebre","12":"product_tag-feitina","13":"product_tag-feitino","14":"product_tag-galego","15":"product_tag-galicia","16":"product_tag-pulsera-carino","17":"product_tag-pulsera-feitina","18":"product_tag-pulsera-feitino","19":"product_tag-pulsera-galicia","20":"product_tag-pulsera-madera","21":"product_tag-pulsera-riquina","22":"product_tag-pulsera-riquino","23":"product_tag-pulseras-galegas","24":"product_tag-pulseras-gallegas","25":"product_tag-querome","26":"product_tag-querote","27":"pa_color-azul-claro","28":"pa_color-marron","29":"pa_color-marron-claro","30":"pa_color-rojo","31":"pa_color-rosa","33":"first","34":"instock","35":"taxable","36":"shipping-taxable","37":"purchasable","38":"product-type-variable"},"_links":{"self":[{"href":"https:\/\/malasmeigas.com\/index.php?rest_route=\/wp\/v2\/product\/5176","targetHints":{"allow":["GET"]}}],"collection":[{"href":"https:\/\/malasmeigas.com\/index.php?rest_route=\/wp\/v2\/product"}],"about":[{"href":"https:\/\/malasmeigas.com\/index.php?rest_route=\/wp\/v2\/types\/product"}],"replies":[{"embeddable":true,"href":"https:\/\/malasmeigas.com\/index.php?rest_route=%2Fwp%2Fv2%2Fcomments&post=5176"}],"wp:featuredmedia":[{"embeddable":true,"href":"https:\/\/malasmeigas.com\/index.php?rest_route=\/wp\/v2\/media\/5195"}],"wp:attachment":[{"href":"https:\/\/malasmeigas.com\/index.php?rest_route=%2Fwp%2Fv2%2Fmedia&parent=5176"}],"wp:term":[{"taxonomy":"product_brand","embeddable":true,"href":"https:\/\/malasmeigas.com\/index.php?rest_route=%2Fwp%2Fv2%2Fproduct_brand&post=5176"},{"taxonomy":"product_cat","embeddable":true,"href":"https:\/\/malasmeigas.com\/index.php?rest_route=%2Fwp%2Fv2%2Fproduct_cat&post=5176"},{"taxonomy":"product_tag","embeddable":true,"href":"https:\/\/malasmeigas.com\/index.php?rest_route=%2Fwp%2Fv2%2Fproduct_tag&post=5176"}],"curies":[{"name":"wp","href":"https:\/\/api.w.org\/{rel}","templated":true}]}}