{"id":5311,"date":"2024-12-05T12:02:24","date_gmt":"2024-12-05T12:02:24","guid":{"rendered":"https:\/\/malasmeigas.com\/?post_type=product&#038;p=5311"},"modified":"2024-12-20T16:54:04","modified_gmt":"2024-12-20T16:54:04","slug":"conjunto-catrina-acero","status":"publish","type":"product","link":"https:\/\/malasmeigas.com\/?product=conjunto-catrina-acero","title":{"rendered":"Conjunto Catrina Acero"},"content":{"rendered":"<p>Conjunto en acero, tambi\u00e9n puedes elegir solo el colgante o los pendientes<\/p>\n<p>El material es\u00a0 acero inoxidable\u00a0 por lo que garantiza que no cambia su color ni mancha la piel, adem\u00e1s, es hipoalerg\u00e9nico.<\/p>\n<p>Medida Colgante : 27 x 18\u00a0 mm<\/p>\n<p>Medida Cadena :\u00a0 45 cm<\/p>\n<p>Medida pendientes : 12 mm<\/p>\n<div class=\"wDYxhc\" data-md=\"61\">\n<div class=\"LGOjhe\" data-attrid=\"wa:\/description\" data-hveid=\"CDgQAA\"><span class=\"NA6bn BxUVEf UiGGAb ILfuVd\" lang=\"es\"><span class=\"hgKElc\">La Catrina es un personaje creado por el pintor, ilustrador y caricaturista mexicano de Aguascalientes,\u00a0<span tabindex=\"0\" role=\"tooltip\"><span class=\"c5aZPb\" tabindex=\"0\" role=\"button\" data-enable-toggle-animation=\"true\" data-extra-container-classes=\"ZLo7Eb\" data-hover-hide-delay=\"1000\" data-hover-open-delay=\"500\" data-send-open-event=\"true\" data-theme=\"0\" data-width=\"250\" data-ved=\"2ahUKEwj_4uKly5CKAxW0UaQEHclZEawQmpgGegQIOBAD\"><span class=\"JPfdse\" data-bubble-link=\"\" data-segment-text=\"Jos\u00e9 Guadalupe Posada\">Jos\u00e9 Guadalupe Posada<\/span><\/span><\/span>,\u00a0<b>es la figura que m\u00e1s se asocia al D\u00eda de Muertos y a la muerte en general en nuestro pa\u00eds<\/b>, siendo uno de los iconos con los que M\u00e9xico es conocido en el mundo entero.<\/span><\/span><\/div>\n<\/div>\n<div class=\"g\">\n<div lang=\"es\" data-hveid=\"CDAQAA\" data-ved=\"2ahUKEwj_4uKly5CKAxW0UaQEHclZEawQFSgAegQIMBAA\">\n<div class=\"tF2Cxc\">\n<div class=\"yuRUbf\"><\/div>\n<\/div>\n<\/div>\n<\/div>\n","protected":false},"excerpt":{"rendered":"<p>Conjunto en acero, tambi\u00e9n puedes elegir solo el colgante o  [&#8230;]<\/p>\n","protected":false},"featured_media":5325,"comment_status":"open","ping_status":"closed","template":"","meta":[],"product_brand":[],"product_cat":[160,10,535,57],"product_tag":[1047,656,653,655,184,1053,1103,654,888,1104,1105,1102,1101,647],"class_list":{"0":"post-5311","1":"product","2":"type-product","3":"status-publish","4":"has-post-thumbnail","6":"product_cat-acero","7":"product_cat-colgantes-acero","8":"product_cat-conjuntos-acero","9":"product_cat-pendientes-acero","10":"product_tag-amuleto-protector","11":"product_tag-calavera","12":"product_tag-catrina","13":"product_tag-catrina-acero","14":"product_tag-colgante-acero","15":"product_tag-colgante-amuleto","16":"product_tag-colgante-calavera","17":"product_tag-colgante-catrina","18":"product_tag-colgante-protector","19":"product_tag-conjunto-acero-calavera","20":"product_tag-conjunto-calavera","21":"product_tag-pendientes-calavera","22":"product_tag-pendientes-catrina","23":"product_tag-proteccion","25":"first","26":"instock","27":"taxable","28":"shipping-taxable","29":"purchasable","30":"product-type-variable"},"_links":{"self":[{"href":"https:\/\/malasmeigas.com\/index.php?rest_route=\/wp\/v2\/product\/5311","targetHints":{"allow":["GET"]}}],"collection":[{"href":"https:\/\/malasmeigas.com\/index.php?rest_route=\/wp\/v2\/product"}],"about":[{"href":"https:\/\/malasmeigas.com\/index.php?rest_route=\/wp\/v2\/types\/product"}],"replies":[{"embeddable":true,"href":"https:\/\/malasmeigas.com\/index.php?rest_route=%2Fwp%2Fv2%2Fcomments&post=5311"}],"wp:featuredmedia":[{"embeddable":true,"href":"https:\/\/malasmeigas.com\/index.php?rest_route=\/wp\/v2\/media\/5325"}],"wp:attachment":[{"href":"https:\/\/malasmeigas.com\/index.php?rest_route=%2Fwp%2Fv2%2Fmedia&parent=5311"}],"wp:term":[{"taxonomy":"product_brand","embeddable":true,"href":"https:\/\/malasmeigas.com\/index.php?rest_route=%2Fwp%2Fv2%2Fproduct_brand&post=5311"},{"taxonomy":"product_cat","embeddable":true,"href":"https:\/\/malasmeigas.com\/index.php?rest_route=%2Fwp%2Fv2%2Fproduct_cat&post=5311"},{"taxonomy":"product_tag","embeddable":true,"href":"https:\/\/malasmeigas.com\/index.php?rest_route=%2Fwp%2Fv2%2Fproduct_tag&post=5311"}],"curies":[{"name":"wp","href":"https:\/\/api.w.org\/{rel}","templated":true}]}}