{"id":5768,"date":"2025-09-05T16:07:02","date_gmt":"2025-09-05T16:07:02","guid":{"rendered":"https:\/\/malasmeigas.com\/?post_type=product&#038;p=5768"},"modified":"2025-09-05T16:35:19","modified_gmt":"2025-09-05T16:35:19","slug":"anillo-antiestres-concha-camino-de-santiago-acero","status":"publish","type":"product","link":"https:\/\/malasmeigas.com\/?product=anillo-antiestres-concha-camino-de-santiago-acero","title":{"rendered":"Anillo Antiestr\u00e9s Concha Camino de Santiago Acero"},"content":{"rendered":"<p><span data-huuid=\"10497651616915988603\">El\u00a0 Anillo antiestr\u00e9s Concha Camino de Santiago\u00a0 en Acero y Esmalte es una joya con banda giratoria m\u00f3vil, dise\u00f1ado para ayudar a reducir el estr\u00e9s, la ansiedad y los h\u00e1bitos nerviosos como morderse las u\u00f1as.\u00a0 <\/span><span data-huuid=\"10497651616915991554\">Su mecanismo permite mantener los dedos ocupados con un movimiento repetitivo y sutil, lo que ayuda a canalizar la tensi\u00f3n, calmar la mente y focalizar la atenci\u00f3n en la distracci\u00f3n del anillo.<span class=\"pjBG2e\" data-cid=\"a8c113cf-3948-46fc-8473-8e20ab837c5d\"><span class=\"UV3uM\">\u00a0<\/span><\/span><\/span><\/p>\n<p>Al estar hecho en acero inoxidable garantiza que no cambia su color ni mancha la piel, adem\u00e1s, es hipoalerg\u00e9nico, no produce alergia.<\/p>\n<p>Si tienes alguna consulta, \u00a1escr\u00edbenos!<\/p>\n","protected":false},"excerpt":{"rendered":"[video width=\"848\" height=\"480\" mp4=\"https:\/\/malasmeigas.com\/wp-content\/uploads\/2025\/09\/AA002-VIDEO.mp4\"][\/video]\n","protected":false},"featured_media":5765,"comment_status":"open","ping_status":"closed","template":"","meta":[],"product_brand":[],"product_cat":[1107],"product_tag":[105,1210,1215,1124,1117,1217,1216,1214,1120,1121,1122,1212,363,1211,1213,586],"class_list":{"0":"post-5768","1":"product","2":"type-product","3":"status-publish","4":"has-post-thumbnail","6":"product_cat-anillos-acero","7":"product_tag-acero","8":"product_tag-anillo-antiestres","9":"product_tag-anillo-camino","10":"product_tag-anillo-camino-de-santiago","11":"product_tag-anillo-celta-acero","12":"product_tag-anillo-concha-acero","13":"product_tag-anillo-concha-camino","14":"product_tag-anillo-giratorio","15":"product_tag-anillo-hombre","16":"product_tag-anillo-mujer","17":"product_tag-anillo-unisex","18":"product_tag-antiestres","19":"product_tag-artesania-de-galicia","20":"product_tag-estres","21":"product_tag-relax","22":"product_tag-stainlesssteel","24":"first","25":"instock","26":"taxable","27":"shipping-taxable","28":"purchasable","29":"product-type-variable"},"_links":{"self":[{"href":"https:\/\/malasmeigas.com\/index.php?rest_route=\/wp\/v2\/product\/5768","targetHints":{"allow":["GET"]}}],"collection":[{"href":"https:\/\/malasmeigas.com\/index.php?rest_route=\/wp\/v2\/product"}],"about":[{"href":"https:\/\/malasmeigas.com\/index.php?rest_route=\/wp\/v2\/types\/product"}],"replies":[{"embeddable":true,"href":"https:\/\/malasmeigas.com\/index.php?rest_route=%2Fwp%2Fv2%2Fcomments&post=5768"}],"wp:featuredmedia":[{"embeddable":true,"href":"https:\/\/malasmeigas.com\/index.php?rest_route=\/wp\/v2\/media\/5765"}],"wp:attachment":[{"href":"https:\/\/malasmeigas.com\/index.php?rest_route=%2Fwp%2Fv2%2Fmedia&parent=5768"}],"wp:term":[{"taxonomy":"product_brand","embeddable":true,"href":"https:\/\/malasmeigas.com\/index.php?rest_route=%2Fwp%2Fv2%2Fproduct_brand&post=5768"},{"taxonomy":"product_cat","embeddable":true,"href":"https:\/\/malasmeigas.com\/index.php?rest_route=%2Fwp%2Fv2%2Fproduct_cat&post=5768"},{"taxonomy":"product_tag","embeddable":true,"href":"https:\/\/malasmeigas.com\/index.php?rest_route=%2Fwp%2Fv2%2Fproduct_tag&post=5768"}],"curies":[{"name":"wp","href":"https:\/\/api.w.org\/{rel}","templated":true}]}}